{"id":2488,"date":"2021-09-29T19:26:37","date_gmt":"2021-09-29T23:26:37","guid":{"rendered":"https:\/\/fpspaiements.ca\/?page_id=2488"},"modified":"2024-04-01T11:02:06","modified_gmt":"2024-04-01T15:02:06","slug":"terminal-clover-mini","status":"publish","type":"page","link":"https:\/\/fpspaiements.ca\/fr\/terminal-clover-mini\/","title":{"rendered":"Clover Mini"},"content":{"rendered":"<div class=\"wpb-content-wrapper\"><p>[vc_row full_width=\u00a0\u00bbstretch_row\u00a0\u00bb content_placement=\u00a0\u00bbmiddle\u00a0\u00bb bg_type=\u00a0\u00bbimage\u00a0\u00bb parallax_style=\u00a0\u00bbvcpb-default\u00a0\u00bb bg_image_repeat=\u00a0\u00bbno-repeat\u00a0\u00bb css=\u00a0\u00bb.vc_custom_1632694095872{padding-top: 50px !important;padding-bottom: 50px !important;}\u00a0\u00bb][vc_column width=\u00a0\u00bb1\/2&Prime;][vc_column_text]<\/p>\n<h2 style=\"padding-top 0px; color: #43b02a;\">TERMINAL CLOVER MINI<\/h2>\n<p>G\u00e9rer une petite entreprise n\u2019est pas une t\u00e2che facile; il y a plusieurs \u00e9l\u00e9ments auxquels penser. Avec <a href=\"https:\/\/www.clover.com\/ca\/mini\" rel=\"nofollow noopener\" target=\"_blank\">Clover Mini<\/a>, vous \u00eates pr\u00eat pour toutes les affaires qui vous attendent d\u00e8s le premier jour. Pr\u00eat \u00e0 l\u2019emploi, il propose des paiements par puce et code PIN, sans contact et par glissement.[\/vc_column_text][\/vc_column][vc_column width=\u00a0\u00bb1\/2&Prime;][vc_single_image image=\u00a0\u00bb2082&Prime; img_size=\u00a0\u00bbfull\u00a0\u00bb alignment=\u00a0\u00bbcenter\u00a0\u00bb][\/vc_column][\/vc_row][vc_row full_width=\u00a0\u00bbstretch_row\u00a0\u00bb bg_type=\u00a0\u00bbbg_color\u00a0\u00bb bg_color_value=\u00a0\u00bb#0460b2&Prime; css=\u00a0\u00bb.vc_custom_1632686666885{padding-top: 100px !important;padding-bottom: 100px !important;}\u00a0\u00bb][vc_column width=\u00a0\u00bb2\/3&Prime;][vc_column_text]<\/p>\n<h3 class=\"heading\" style=\"color: white;\"><strong>Le meilleur taux d&rsquo;int\u00e9r\u00eat pour Interac avec les cartes de cr\u00e9dit<\/strong><\/h3>\n<h3 class=\"sub-heading\" style=\"color: white;\">Visa, Master Cards, American Express, Discover<\/h3>\n<p>[\/vc_column_text][\/vc_column][vc_column width=\u00a0\u00bb1\/3&Prime;]<div class=\" ubtn-ctn-center \"><a class=\"ubtn-link ult-adjust-bottom-margin ubtn-center ubtn-large \" href=\"https:\/\/fpspaiements.ca\/fr\/contact\/\"><button type=\"button\" id=\"ubtn-3447\"  class=\"ubtn ult-adjust-bottom-margin ult-responsive ubtn-large ubtn-no-hover-bg  none  ubtn-center   tooltip-69ea71e568e18\"  data-hover=\"\" data-border-color=\"#ffffff\" data-bg=\"\" data-hover-bg=\"\" data-border-hover=\"#dd3333\" data-shadow-hover=\"\" data-shadow-click=\"none\" data-shadow=\"\" data-shd-shadow=\"\"  data-ultimate-target='#ubtn-3447'  data-responsive-json-new='{\"font-size\":\"desktop:24px;\",\"line-height\":\"\"}'  style=\"font-weight:normal;border-radius:3px;border-width:1px;border-color:#ffffff;border-style:solid;color: #ffffff;\"><span class=\"ubtn-hover\" style=\"background-color:\"><\/span><span class=\"ubtn-data ubtn-text \" >SOUMISSION GRATUITE<\/span><\/button><\/a><\/div>[\/vc_column][\/vc_row][vc_row css=\u00a0\u00bb.vc_custom_1632688372026{padding-top: 50px !important;padding-bottom: 50px !important;}\u00a0\u00bb][vc_column]<style type=\"text\/css\" data-type=\"the7_shortcodes-inline-css\">.gallery-carousel-shortcode.gallery-carousel-shortcode-id-f3f3eee28787e30df6690064477508a8 .owl-nav a {\n  width: 36px;\n  height: 36px;\n  border-radius: 500px;\n}\n.dt-arrow-border-on.gallery-carousel-shortcode.gallery-carousel-shortcode-id-f3f3eee28787e30df6690064477508a8 .owl-nav a:not(:hover):before {\n  border-width: 0px;\n}\n.dt-arrow-hover-border-on.gallery-carousel-shortcode.gallery-carousel-shortcode-id-f3f3eee28787e30df6690064477508a8 .owl-nav a:hover:after {\n  border-width: 0px;\n}\n.gallery-carousel-shortcode.gallery-carousel-shortcode-id-f3f3eee28787e30df6690064477508a8 .owl-nav a.owl-prev {\n  top: 50%;\n  transform: translateY(calc(-50% + 0px));\n  left: -43px;\n}\n@media all and (-ms-high-contrast: none) {\n  .gallery-carousel-shortcode.gallery-carousel-shortcode-id-f3f3eee28787e30df6690064477508a8 .owl-nav a.owl-prev {\n    transform: translateY(-50%);\n    margin-top: 0px;\n  }\n}\n.gallery-carousel-shortcode.gallery-carousel-shortcode-id-f3f3eee28787e30df6690064477508a8 .owl-nav a.owl-prev i {\n  padding: 0px 0px 0px 0px;\n}\n.gallery-carousel-shortcode.gallery-carousel-shortcode-id-f3f3eee28787e30df6690064477508a8 .owl-nav a.owl-next {\n  top: 50%;\n  transform: translateY(calc(-50% + 0px));\n  right: -43px;\n}\n@media all and (-ms-high-contrast: none) {\n  .gallery-carousel-shortcode.gallery-carousel-shortcode-id-f3f3eee28787e30df6690064477508a8 .owl-nav a.owl-next {\n    transform: translateY(-50%);\n    margin-top: 0px;\n  }\n}\n.gallery-carousel-shortcode.gallery-carousel-shortcode-id-f3f3eee28787e30df6690064477508a8 .owl-nav a.owl-next i {\n  padding: 0px 0px 0px 0px;\n}\n.gallery-carousel-shortcode.gallery-carousel-shortcode-id-f3f3eee28787e30df6690064477508a8 .owl-nav i {\n  font-size: 18px;\n}\n.gallery-carousel-shortcode.gallery-carousel-shortcode-id-f3f3eee28787e30df6690064477508a8 .owl-nav a:not(:hover) i,\n.gallery-carousel-shortcode.gallery-carousel-shortcode-id-f3f3eee28787e30df6690064477508a8 .owl-nav a:not(:hover) i:before {\n  color: #ffffff;\n  background: none;\n}\n.gallery-carousel-shortcode.gallery-carousel-shortcode-id-f3f3eee28787e30df6690064477508a8 .owl-nav a:hover i,\n.gallery-carousel-shortcode.gallery-carousel-shortcode-id-f3f3eee28787e30df6690064477508a8 .owl-nav a:hover i:before {\n  color: rgba(255,255,255,0.75);\n  background: none;\n}\n.gallery-carousel-shortcode.gallery-carousel-shortcode-id-f3f3eee28787e30df6690064477508a8 .owl-dots {\n  top: calc(100% + 20px);\n  left: 50%;\n  transform: translateX(calc(-50% + 0px));\n}\n@media all and (-ms-high-contrast: none) {\n  .gallery-carousel-shortcode.gallery-carousel-shortcode-id-f3f3eee28787e30df6690064477508a8 .owl-dots {\n    transform: translateX(-50%);\n    margin-left: 0px;\n  }\n}\n.gallery-carousel-shortcode.gallery-carousel-shortcode-id-f3f3eee28787e30df6690064477508a8 .owl-dot {\n  width: 10px;\n  height: 10px;\n  margin: 0 8px;\n}\n@media screen and (max-width: 778px) {\n  .gallery-carousel-shortcode.gallery-carousel-shortcode-id-f3f3eee28787e30df6690064477508a8.hide-arrows .owl-nav a {\n    display: none;\n  }\n}\n@media screen and (max-width: 778px) {\n  .gallery-carousel-shortcode.gallery-carousel-shortcode-id-f3f3eee28787e30df6690064477508a8.reposition-arrows .owl-nav .owl-prev {\n    top: 50%;\n    transform: translateY(calc(-50% + 0px));\n    left: 10px;\n  }\n  .gallery-carousel-shortcode.gallery-carousel-shortcode-id-f3f3eee28787e30df6690064477508a8.reposition-arrows .owl-nav .owl-next {\n    top: 50%;\n    transform: translateY(calc(-50% + 0px));\n    right: 10px;\n  }\n}\n@media screen and (max-width: 778px) and all and (-ms-high-contrast: none) {\n  .gallery-carousel-shortcode.gallery-carousel-shortcode-id-f3f3eee28787e30df6690064477508a8.reposition-arrows .owl-nav .owl-prev {\n    transform: translateY(-50%);\n    margin-top: 0px;\n  }\n}\n@media screen and (max-width: 778px) and all and (-ms-high-contrast: none) {\n  .gallery-carousel-shortcode.gallery-carousel-shortcode-id-f3f3eee28787e30df6690064477508a8.reposition-arrows .owl-nav .owl-next {\n    transform: translateY(-50%);\n    margin-top: 0px;\n  }\n}\n.gallery-carousel-shortcode.gallery-carousel-shortcode-id-f3f3eee28787e30df6690064477508a8 figure,\n.gallery-carousel-shortcode.gallery-carousel-shortcode-id-f3f3eee28787e30df6690064477508a8 .rollover,\n.gallery-carousel-shortcode.gallery-carousel-shortcode-id-f3f3eee28787e30df6690064477508a8 img,\n.gallery-carousel-shortcode.gallery-carousel-shortcode-id-f3f3eee28787e30df6690064477508a8 .gallery-rollover {\n  border-radius: 0px;\n}\n.gallery-carousel-shortcode.gallery-carousel-shortcode-id-f3f3eee28787e30df6690064477508a8.enable-bg-rollover .gallery-rollover {\n  background: -webkit-linear-gradient();\n  background: linear-gradient();\n}\n.gallery-carousel-shortcode.gallery-carousel-shortcode-id-f3f3eee28787e30df6690064477508a8.enable-img-shadow .owl-stage-outer {\n  padding: 14px 0;\n}\n.gallery-carousel-shortcode.gallery-carousel-shortcode-id-f3f3eee28787e30df6690064477508a8.enable-bg-rollover.hover-scale figure .rollover:after {\n  background: -webkit-linear-gradient();\n  background: linear-gradient();\n}\n.gallery-carousel-shortcode.gallery-carousel-shortcode-id-f3f3eee28787e30df6690064477508a8.gallery-shortcode .gallery-zoom-ico {\n  width: 44px;\n  height: 44px;\n  line-height: 44px;\n  border-radius: 100px;\n  margin: -22px 0 0 -22px;\n  border-width: 0px;\n}\n.dt-icon-bg-on.gallery-carousel-shortcode.gallery-carousel-shortcode-id-f3f3eee28787e30df6690064477508a8.gallery-shortcode .gallery-zoom-ico {\n  background: rgba(255,255,255,0.3);\n  box-shadow: none;\n}\n.gallery-carousel-shortcode.gallery-carousel-shortcode-id-f3f3eee28787e30df6690064477508a8.gallery-shortcode .gallery-zoom-ico:before,\n.gallery-carousel-shortcode.gallery-carousel-shortcode-id-f3f3eee28787e30df6690064477508a8.gallery-shortcode .gallery-zoom-ico span {\n  font-size: 32px;\n  line-height: 44px;\n  color: #ffffff;\n  background: none;\n}\n<\/style><div class=\"owl-carousel gallery-carousel-shortcode gallery-shortcode  dt-gallery-container dt-owl-carousel-call gallery-carousel-shortcode-id-f3f3eee28787e30df6690064477508a8 quick-scale-img enable-bg-rollover meta-info-off dt-arrow-border-on dt-arrow-hover-border-on bullets-small-dot-stroke reposition-arrows dt-icon-bg-off arrows-bg-on disable-arrows-hover-bg arrows-hover-bg-on  hover-fade \" data-scroll-mode=\"1\" data-col-num=\"5\" data-wide-col-num=\"5\" data-laptop-col=\"5\" data-h-tablet-columns-num=\"5\" data-v-tablet-columns-num=\"3\" data-phone-columns-num=\"1\" data-col-gap=\"10\" data-stage-padding=\"0\" data-speed=\"600\" data-autoplay=\"false\" data-autoplay_speed=\"6000\" data-arrows=\"false\" data-bullet=\"false\" data-next-icon=\"icon-ar-017-r\" data-prev-icon=\"icon-ar-017-l\" data-img-shadow-size=\"12px\" data-img-shadow-spread=\"3px\"><div data-post-id=\"2401\" data-date=\"2021-09-26T14:12:23-04:00\" data-name=\"AXP_BlueBoxLogo_EXTRALARGEscale_RGB_DIGITAL_1600x1600\"><figure class=\"post\"><a href=\"https:\/\/fpspaiements.ca\/wp-content\/uploads\/2021\/09\/AXP_BlueBoxLogo_EXTRALARGEscale_RGB_DIGITAL_1600x1600.png\" class=\"rollover dt-pswp-item layzr-bg\" data-large_image_width=\"1600\" data-large_image_height=\"1600\" data-dt-img-description=\"\" title=\"AXP_BlueBoxLogo_EXTRALARGEscale_RGB_DIGITAL_1600x1600\"><img fetchpriority=\"high\" decoding=\"async\" class=\"preload-me owl-lazy-load aspect\" src=\"data:image\/svg+xml,%3Csvg%20xmlns%3D&#039;http%3A%2F%2Fwww.w3.org%2F2000%2Fsvg&#039;%20viewBox%3D&#039;0%200%201600%201600&#039;%2F%3E\" data-src=\"https:\/\/fpspaiements.ca\/wp-content\/uploads\/2021\/09\/AXP_BlueBoxLogo_EXTRALARGEscale_RGB_DIGITAL_1600x1600.png\" data-srcset=\"https:\/\/fpspaiements.ca\/wp-content\/uploads\/2021\/09\/AXP_BlueBoxLogo_EXTRALARGEscale_RGB_DIGITAL_1600x1600.png 1600w\" loading=\"eager\" style=\"--ratio: 1600 \/ 1600\" sizes=\"(max-width: 1600px) 100vw, 1600px\" alt=\"FPS Paiements\" width=\"1600\" height=\"1600\" title=\"\"><span class=\"gallery-rollover\"><\/span><\/a><\/figure><\/div><div data-post-id=\"2400\" data-date=\"2021-09-26T14:12:12-04:00\" data-name=\"DISCOVER\"><figure class=\"post\"><a href=\"https:\/\/fpspaiements.ca\/wp-content\/uploads\/2021\/09\/DISCOVER.png\" class=\"rollover dt-pswp-item layzr-bg\" data-large_image_width=\"150\" data-large_image_height=\"150\" data-dt-img-description=\"\" title=\"DISCOVER\"><img decoding=\"async\" class=\"preload-me owl-lazy-load aspect\" src=\"data:image\/svg+xml,%3Csvg%20xmlns%3D&#039;http%3A%2F%2Fwww.w3.org%2F2000%2Fsvg&#039;%20viewBox%3D&#039;0%200%20150%20150&#039;%2F%3E\" data-src=\"https:\/\/fpspaiements.ca\/wp-content\/uploads\/2021\/09\/DISCOVER.png\" data-srcset=\"https:\/\/fpspaiements.ca\/wp-content\/uploads\/2021\/09\/DISCOVER.png 150w\" loading=\"eager\" style=\"--ratio: 150 \/ 150\" sizes=\"(max-width: 150px) 100vw, 150px\" alt=\"FPS Paiements\" width=\"150\" height=\"150\" title=\"\"><span class=\"gallery-rollover\"><\/span><\/a><\/figure><\/div><div data-post-id=\"2399\" data-date=\"2021-09-26T14:12:09-04:00\" data-name=\"interac\"><figure class=\"post\"><a href=\"https:\/\/fpspaiements.ca\/wp-content\/uploads\/2021\/09\/interac.jpg\" class=\"rollover dt-pswp-item layzr-bg\" data-large_image_width=\"150\" data-large_image_height=\"150\" data-dt-img-description=\"\" title=\"interac\"><img decoding=\"async\" class=\"preload-me owl-lazy-load aspect\" src=\"data:image\/svg+xml,%3Csvg%20xmlns%3D&#039;http%3A%2F%2Fwww.w3.org%2F2000%2Fsvg&#039;%20viewBox%3D&#039;0%200%20150%20150&#039;%2F%3E\" data-src=\"https:\/\/fpspaiements.ca\/wp-content\/uploads\/2021\/09\/interac.jpg\" data-srcset=\"https:\/\/fpspaiements.ca\/wp-content\/uploads\/2021\/09\/interac.jpg 150w\" loading=\"eager\" style=\"--ratio: 150 \/ 150\" sizes=\"(max-width: 150px) 100vw, 150px\" alt=\"FPS Paiements\" width=\"150\" height=\"150\" title=\"\"><span class=\"gallery-rollover\"><\/span><\/a><\/figure><\/div><div data-post-id=\"2398\" data-date=\"2021-09-26T14:12:07-04:00\" data-name=\"visa\"><figure class=\"post\"><a href=\"https:\/\/fpspaiements.ca\/wp-content\/uploads\/2021\/09\/visa.png\" class=\"rollover dt-pswp-item layzr-bg\" data-large_image_width=\"150\" data-large_image_height=\"150\" data-dt-img-description=\"\" title=\"visa\"><img decoding=\"async\" class=\"preload-me owl-lazy-load aspect\" src=\"data:image\/svg+xml,%3Csvg%20xmlns%3D&#039;http%3A%2F%2Fwww.w3.org%2F2000%2Fsvg&#039;%20viewBox%3D&#039;0%200%20150%20150&#039;%2F%3E\" data-src=\"https:\/\/fpspaiements.ca\/wp-content\/uploads\/2021\/09\/visa.png\" data-srcset=\"https:\/\/fpspaiements.ca\/wp-content\/uploads\/2021\/09\/visa.png 150w\" loading=\"eager\" style=\"--ratio: 150 \/ 150\" sizes=\"(max-width: 150px) 100vw, 150px\" alt=\"FPS Paiements\" width=\"150\" height=\"150\" title=\"\"><span class=\"gallery-rollover\"><\/span><\/a><\/figure><\/div><div data-post-id=\"2397\" data-date=\"2021-09-26T14:12:04-04:00\" data-name=\"mastercard\"><figure class=\"post\"><a href=\"https:\/\/fpspaiements.ca\/wp-content\/uploads\/2021\/09\/mastercard.jpg\" class=\"rollover dt-pswp-item layzr-bg\" data-large_image_width=\"150\" data-large_image_height=\"150\" data-dt-img-description=\"\" title=\"mastercard\"><img decoding=\"async\" class=\"preload-me owl-lazy-load aspect\" src=\"data:image\/svg+xml,%3Csvg%20xmlns%3D&#039;http%3A%2F%2Fwww.w3.org%2F2000%2Fsvg&#039;%20viewBox%3D&#039;0%200%20150%20150&#039;%2F%3E\" data-src=\"https:\/\/fpspaiements.ca\/wp-content\/uploads\/2021\/09\/mastercard.jpg\" data-srcset=\"https:\/\/fpspaiements.ca\/wp-content\/uploads\/2021\/09\/mastercard.jpg 150w\" loading=\"eager\" style=\"--ratio: 150 \/ 150\" sizes=\"(max-width: 150px) 100vw, 150px\" alt=\"FPS Paiements\" width=\"150\" height=\"150\" title=\"\"><span class=\"gallery-rollover\"><\/span><\/a><\/figure><\/div><\/div>[\/vc_column][\/vc_row][vc_row equal_height=\u00a0\u00bbyes\u00a0\u00bb type=\u00a0\u00bbvc_default\u00a0\u00bb css=\u00a0\u00bb.vc_custom_1491729572963{padding-top: 70px !important;padding-bottom: 70px !important;}\u00a0\u00bb][vc_column width=\u00a0\u00bb1\/2&Prime;][vc_column_text]<\/p>\n<h3>Un POS de comptoir compact avec l\u2019avantage d\u2019aller loin !<\/h3>\n<p>[\/vc_column_text][vc_empty_space height=\u00a0\u00bb30px\u00a0\u00bb]<div class=\"smile_icon_list_wrap ult_info_list_container ult-adjust-bottom-margin  \"><ul class=\"smile_icon_list left hexagon\"><li class=\"icon_list_item\" style=\" font-size:90px;\"><div class=\"icon_list_icon\" data-animation=\"pulse\" data-animation-delay=\"03\" style=\"font-size:30px;background:#1c66a0;color:#ffffff;border-color:#1c66a0;\"><i class=\"icomoon-feather-24x24-monitor\" ><\/i><\/div><div class=\"icon_description\" id=\"Info-list-wrap-8805\" style=\"font-size:30px;\"><h3 class=\"ult-responsive info-list-heading\"  data-ultimate-target='#Info-list-wrap-8805 h3'  data-responsive-json-new='{\"font-size\":\"desktop:20px;\",\"line-height\":\"desktop:30px;\"}'  style=\"font-weight:bold;\">CE N'EST PAS LA TAILLE QUI COMPTE!<\/h3><div class=\"icon_description_text ult-responsive\"  data-ultimate-target='#Info-list-wrap-8805 .icon_description_text'  data-responsive-json-new='{\"font-size\":\"desktop:14px;\",\"line-height\":\"desktop:26px;\"}'  style=\"\"><div class=\"featurebox-content\">\n<p>Le Clover Mini est aussi puissant qu\u2019\u00e9l\u00e9gant, et son faible encombrement n\u2019occupera pas l\u2019espace de votre comptoir ou tout autre espace de travail.<\/p>\n<\/div>\n<\/div><\/div><div class=\"icon_list_connector\"  style=\"border-right-width: 1px;border-right-style: dashed;border-color: rgba(51,51,51,0.4);\"><\/div><\/li><li class=\"icon_list_item\" style=\" font-size:90px;\"><div class=\"icon_list_icon\" data-animation=\"pulse\" data-animation-delay=\"03\" style=\"font-size:30px;background:#1c66a0;color:#ffffff;border-color:#1c66a0;\"><i class=\"icomoon-feather-24x24-monitor\" ><\/i><\/div><div class=\"icon_description\" id=\"Info-list-wrap-5682\" style=\"font-size:30px;\"><h3 class=\"ult-responsive info-list-heading\"  data-ultimate-target='#Info-list-wrap-5682 h3'  data-responsive-json-new='{\"font-size\":\"desktop:20px;\",\"line-height\":\"desktop:30px;\"}'  style=\"font-weight:bold;\">MAT\u00c9RIEL \u00c9VOLUTIF<\/h3><div class=\"icon_description_text ult-responsive\"  data-ultimate-target='#Info-list-wrap-5682 .icon_description_text'  data-responsive-json-new='{\"font-size\":\"desktop:14px;\",\"line-height\":\"desktop:26px;\"}'  style=\"\"><div class=\"featurebox-content\">\n<p>Vous voulez un terminal basique? Peut-\u00eatre quelque chose qui vous donne plus d\u2019options? Le Mini peut faire les deux. Ajoutez simplement plus de composants et de capacit\u00e9s POS si n\u00e9cessaire.<\/p>\n<\/div>\n<\/div><\/div><div class=\"icon_list_connector\"  style=\"border-right-width: 1px;border-right-style: dashed;border-color: rgba(51,51,51,0.4);\"><\/div><\/li><li class=\"icon_list_item\" style=\" font-size:90px;\"><div class=\"icon_list_icon\" data-animation=\"pulse\" data-animation-delay=\"03\" style=\"font-size:30px;background:#1c66a0;color:#ffffff;border-color:#1c66a0;\"><i class=\"icomoon-feather-24x24-monitor\" ><\/i><\/div><div class=\"icon_description\" id=\"Info-list-wrap-5763\" style=\"font-size:30px;\"><h3 class=\"ult-responsive info-list-heading\"  data-ultimate-target='#Info-list-wrap-5763 h3'  data-responsive-json-new='{\"font-size\":\"desktop:20px;\",\"line-height\":\"desktop:30px;\"}'  style=\"font-weight:bold;\">UN LOGICIEL MULTIT\u00c2CHE<\/h3><div class=\"icon_description_text ult-responsive\"  data-ultimate-target='#Info-list-wrap-5763 .icon_description_text'  data-responsive-json-new='{\"font-size\":\"desktop:14px;\",\"line-height\":\"desktop:26px;\"}'  style=\"\"><div class=\"featurebox-content\">\n<p>Personnalisez votre Clover Mini avec des applications polyvalentes pour la comptabilit\u00e9, l\u2019inventaire, le marketing, les cartes-cadeaux et tout ce dont votre entreprise a besoin.<\/p>\n<\/div>\n<\/div><\/div><div class=\"icon_list_connector\"  style=\"border-right-width: 1px;border-right-style: dashed;border-color: rgba(51,51,51,0.4);\"><\/div><\/li><\/ul><\/div>[\/vc_column][vc_column width=\u00a0\u00bb1\/2&Prime;][vc_single_image image=\u00a0\u00bb2109&Prime; img_size=\u00a0\u00bbfull\u00a0\u00bb][\/vc_column][\/vc_row][vc_row full_width=\u00a0\u00bbstretch_row\u00a0\u00bb content_placement=\u00a0\u00bbmiddle\u00a0\u00bb bg_type=\u00a0\u00bbbg_color\u00a0\u00bb bg_color_value=\u00a0\u00bb#f0f0f0&Prime; css=\u00a0\u00bb.vc_custom_1632688548971{padding-top: 50px !important;padding-bottom: 50px !important;}\u00a0\u00bb][vc_column width=\u00a0\u00bb1\/2&Prime;][vc_column_text]<\/p>\n<h2>UN GRAND \u00c9CRAN ET D&rsquo;IMMENSES AVANTAGES.<\/h2>\n<p>Quand les affaires atteignent leur plus haut sommet, le Clover Mini vous permet d\u2019affronter tous les d\u00e9fis et toutes les difficult\u00e9s. Avec son grand \u00e9cran tactile et lumineux, l\u2019appareil Clover Mini est une solution simple et efficace.[\/vc_column_text][\/vc_column][vc_column width=\u00a0\u00bb1\/2&Prime;][vc_single_image image=\u00a0\u00bb2104&Prime; img_size=\u00a0\u00bbfull\u00a0\u00bb alignment=\u00a0\u00bbcenter\u00a0\u00bb][\/vc_column][\/vc_row][vc_row full_width=\u00a0\u00bbstretch_row\u00a0\u00bb content_placement=\u00a0\u00bbmiddle\u00a0\u00bb bg_type=\u00a0\u00bbimage\u00a0\u00bb parallax_style=\u00a0\u00bbvcpb-default\u00a0\u00bb bg_image_repeat=\u00a0\u00bbno-repeat\u00a0\u00bb css=\u00a0\u00bb.vc_custom_1632688518145{padding-top: 50px !important;padding-bottom: 50px !important;}\u00a0\u00bb][vc_column width=\u00a0\u00bb1\/2&Prime;][vc_single_image image=\u00a0\u00bb2084&Prime; img_size=\u00a0\u00bbfull\u00a0\u00bb alignment=\u00a0\u00bbcenter\u00a0\u00bb][\/vc_column][vc_column width=\u00a0\u00bb1\/2&Prime;][vc_column_text]<\/p>\n<h2>IMPRIMEZ LES RE\u00c7US<\/h2>\n<p>Maintenez la fluidit\u00e9 du fonctionnement \u00e0 la caisse en imprimant sur place les re\u00e7us des clients.[\/vc_column_text][\/vc_column][\/vc_row][vc_row full_width=\u00a0\u00bbstretch_row\u00a0\u00bb content_placement=\u00a0\u00bbmiddle\u00a0\u00bb bg_type=\u00a0\u00bbbg_color\u00a0\u00bb bg_color_value=\u00a0\u00bb#f0f0f0&Prime; css=\u00a0\u00bb.vc_custom_1632688560800{padding-top: 50px !important;padding-bottom: 50px !important;}\u00a0\u00bb][vc_column width=\u00a0\u00bb1\/2&Prime;][vc_column_text]<\/p>\n<h2>LA S\u00c9CURIT\u00c9 AVANT TOUT<\/h2>\n<p>Prot\u00e9gez votre entreprise et les donn\u00e9es de vos clients gr\u00e2ce \u00e0 une solution compl\u00e8te qui int\u00e8gre un chiffrage bout \u00e0 bout, une segmentation en unit\u00e9s et un mat\u00e9riel robuste avec un objectif unique : <a href=\"https:\/\/fpspaiements.ca\/fr\/\">les paiements<\/a>.[\/vc_column_text][\/vc_column][vc_column width=\u00a0\u00bb1\/2&Prime;][vc_single_image image=\u00a0\u00bb2092&Prime; img_size=\u00a0\u00bbfull\u00a0\u00bb alignment=\u00a0\u00bbcenter\u00a0\u00bb][\/vc_column][\/vc_row]<\/p>\n<\/div>","protected":false},"excerpt":{"rendered":"<p>[vc_row full_width=\u00a0\u00bbstretch_row\u00a0\u00bb content_placement=\u00a0\u00bbmiddle\u00a0\u00bb bg_type=\u00a0\u00bbimage\u00a0\u00bb parallax_style=\u00a0\u00bbvcpb-default\u00a0\u00bb bg_image_repeat=\u00a0\u00bbno-repeat\u00a0\u00bb css=\u00a0\u00bb.vc_custom_1632694095872{padding-top: 50px !important;padding-bottom: 50px !important;}\u00a0\u00bb][vc_column width=\u00a0\u00bb1\/2&Prime;][vc_column_text] TERMINAL CLOVER MINI G\u00e9rer une petite entreprise n\u2019est pas une t\u00e2che facile; il y a plusieurs \u00e9l\u00e9ments auxquels penser. Avec Clover Mini, vous \u00eates pr\u00eat pour toutes les affaires qui vous attendent d\u00e8s le premier jour. Pr\u00eat \u00e0 l\u2019emploi, il propose des paiements&hellip;<\/p>\n","protected":false},"author":6,"featured_media":2472,"parent":0,"menu_order":1,"comment_status":"closed","ping_status":"closed","template":"","meta":{"content-type":"","_monsterinsights_skip_tracking":false,"_monsterinsights_sitenote_active":false,"_monsterinsights_sitenote_note":"","_monsterinsights_sitenote_category":0,"footnotes":""},"_links":{"self":[{"href":"https:\/\/fpspaiements.ca\/fr\/wp-json\/wp\/v2\/pages\/2488"}],"collection":[{"href":"https:\/\/fpspaiements.ca\/fr\/wp-json\/wp\/v2\/pages"}],"about":[{"href":"https:\/\/fpspaiements.ca\/fr\/wp-json\/wp\/v2\/types\/page"}],"author":[{"embeddable":true,"href":"https:\/\/fpspaiements.ca\/fr\/wp-json\/wp\/v2\/users\/6"}],"replies":[{"embeddable":true,"href":"https:\/\/fpspaiements.ca\/fr\/wp-json\/wp\/v2\/comments?post=2488"}],"version-history":[{"count":6,"href":"https:\/\/fpspaiements.ca\/fr\/wp-json\/wp\/v2\/pages\/2488\/revisions"}],"predecessor-version":[{"id":4470,"href":"https:\/\/fpspaiements.ca\/fr\/wp-json\/wp\/v2\/pages\/2488\/revisions\/4470"}],"wp:featuredmedia":[{"embeddable":true,"href":"https:\/\/fpspaiements.ca\/fr\/wp-json\/wp\/v2\/media\/2472"}],"wp:attachment":[{"href":"https:\/\/fpspaiements.ca\/fr\/wp-json\/wp\/v2\/media?parent=2488"}],"curies":[{"name":"wp","href":"https:\/\/api.w.org\/{rel}","templated":true}]}}