{"id":2544,"date":"2021-09-29T22:43:51","date_gmt":"2021-09-30T02:43:51","guid":{"rendered":"https:\/\/fpspaiements.ca\/?page_id=2544"},"modified":"2024-03-18T14:29:04","modified_gmt":"2024-03-18T18:29:04","slug":"solution-depaiement-e-commerce","status":"publish","type":"page","link":"https:\/\/fpspaiements.ca\/fr\/solution-depaiement-e-commerce\/","title":{"rendered":"Solution Depaiement E-Commerce"},"content":{"rendered":"<div class=\"wpb-content-wrapper\"><p>[vc_row full_width=\u00a0\u00bbstretch_row\u00a0\u00bb content_placement=\u00a0\u00bbmiddle\u00a0\u00bb bg_type=\u00a0\u00bbimage\u00a0\u00bb parallax_style=\u00a0\u00bbvcpb-default\u00a0\u00bb bg_image_repeat=\u00a0\u00bbno-repeat\u00a0\u00bb css=\u00a0\u00bb.vc_custom_1632694095872{padding-top: 50px !important;padding-bottom: 50px !important;}\u00a0\u00bb][vc_column width=\u00a0\u00bb1\/2&Prime;][vc_column_text]<\/p>\n<h2 style=\"padding-top 0px; color: #43b02a;\">NOUS AVONS L\u00c0 SOLUTION POUR UN PAIEMENT FACILE \u00c0 FAIRE<br \/>\nPOUR VOS CLIENTS SUR VOTRE BOUTIQUE EN LIGNE !<\/h2>\n<p>Au moment o\u00f9 vos clients font un achat dans votre boutique en ligne, ils sont redirig\u00e9s vers une page o\u00f9 ils ont un formulaire \u00e0 remplir pour l\u2019exp\u00e9dition. Ils sont ensuite redirig\u00e9s vers une page de paiement en ligne. Une fois le paiement effectu\u00e9, le client et vous recevez une confirmation de la commande compl\u00e9t\u00e9e. Ces \u00e9tapes vous permettent de faire un suivi efficace de vos ventes. Notre service de paiement en ligne vous permet d\u2019effectuer toutes ces \u00e9tapes de fa\u00e7on rapide et s\u00e9curis\u00e9e afin de proposer une exp\u00e9rience d\u2019achat en ligne agr\u00e9able.[\/vc_column_text][\/vc_column][vc_column width=\u00a0\u00bb1\/2&Prime;][vc_single_image image=\u00a0\u00bb2230&Prime; img_size=\u00a0\u00bbfull\u00a0\u00bb alignment=\u00a0\u00bbcenter\u00a0\u00bb][\/vc_column][\/vc_row][vc_row css=\u00a0\u00bb.vc_custom_1632688372026{padding-top: 50px !important;padding-bottom: 50px !important;}\u00a0\u00bb][vc_column]<style type=\"text\/css\" data-type=\"the7_shortcodes-inline-css\">.gallery-carousel-shortcode.gallery-carousel-shortcode-id-40ee4a21d597ef97e7498bd4d7db947b .owl-nav a {\n  width: 36px;\n  height: 36px;\n  border-radius: 500px;\n}\n.dt-arrow-border-on.gallery-carousel-shortcode.gallery-carousel-shortcode-id-40ee4a21d597ef97e7498bd4d7db947b .owl-nav a:not(:hover):before {\n  border-width: 0px;\n}\n.dt-arrow-hover-border-on.gallery-carousel-shortcode.gallery-carousel-shortcode-id-40ee4a21d597ef97e7498bd4d7db947b .owl-nav a:hover:after {\n  border-width: 0px;\n}\n.gallery-carousel-shortcode.gallery-carousel-shortcode-id-40ee4a21d597ef97e7498bd4d7db947b .owl-nav a.owl-prev {\n  top: 50%;\n  transform: translateY(calc(-50% + 0px));\n  left: -43px;\n}\n@media all and (-ms-high-contrast: none) {\n  .gallery-carousel-shortcode.gallery-carousel-shortcode-id-40ee4a21d597ef97e7498bd4d7db947b .owl-nav a.owl-prev {\n    transform: translateY(-50%);\n    margin-top: 0px;\n  }\n}\n.gallery-carousel-shortcode.gallery-carousel-shortcode-id-40ee4a21d597ef97e7498bd4d7db947b .owl-nav a.owl-prev i {\n  padding: 0px 0px 0px 0px;\n}\n.gallery-carousel-shortcode.gallery-carousel-shortcode-id-40ee4a21d597ef97e7498bd4d7db947b .owl-nav a.owl-next {\n  top: 50%;\n  transform: translateY(calc(-50% + 0px));\n  right: -43px;\n}\n@media all and (-ms-high-contrast: none) {\n  .gallery-carousel-shortcode.gallery-carousel-shortcode-id-40ee4a21d597ef97e7498bd4d7db947b .owl-nav a.owl-next {\n    transform: translateY(-50%);\n    margin-top: 0px;\n  }\n}\n.gallery-carousel-shortcode.gallery-carousel-shortcode-id-40ee4a21d597ef97e7498bd4d7db947b .owl-nav a.owl-next i {\n  padding: 0px 0px 0px 0px;\n}\n.gallery-carousel-shortcode.gallery-carousel-shortcode-id-40ee4a21d597ef97e7498bd4d7db947b .owl-nav i {\n  font-size: 18px;\n}\n.gallery-carousel-shortcode.gallery-carousel-shortcode-id-40ee4a21d597ef97e7498bd4d7db947b .owl-nav a:not(:hover) i,\n.gallery-carousel-shortcode.gallery-carousel-shortcode-id-40ee4a21d597ef97e7498bd4d7db947b .owl-nav a:not(:hover) i:before {\n  color: #ffffff;\n  background: none;\n}\n.gallery-carousel-shortcode.gallery-carousel-shortcode-id-40ee4a21d597ef97e7498bd4d7db947b .owl-nav a:hover i,\n.gallery-carousel-shortcode.gallery-carousel-shortcode-id-40ee4a21d597ef97e7498bd4d7db947b .owl-nav a:hover i:before {\n  color: rgba(255,255,255,0.75);\n  background: none;\n}\n.gallery-carousel-shortcode.gallery-carousel-shortcode-id-40ee4a21d597ef97e7498bd4d7db947b .owl-dots {\n  top: calc(100% + 20px);\n  left: 50%;\n  transform: translateX(calc(-50% + 0px));\n}\n@media all and (-ms-high-contrast: none) {\n  .gallery-carousel-shortcode.gallery-carousel-shortcode-id-40ee4a21d597ef97e7498bd4d7db947b .owl-dots {\n    transform: translateX(-50%);\n    margin-left: 0px;\n  }\n}\n.gallery-carousel-shortcode.gallery-carousel-shortcode-id-40ee4a21d597ef97e7498bd4d7db947b .owl-dot {\n  width: 10px;\n  height: 10px;\n  margin: 0 8px;\n}\n@media screen and (max-width: 778px) {\n  .gallery-carousel-shortcode.gallery-carousel-shortcode-id-40ee4a21d597ef97e7498bd4d7db947b.hide-arrows .owl-nav a {\n    display: none;\n  }\n}\n@media screen and (max-width: 778px) {\n  .gallery-carousel-shortcode.gallery-carousel-shortcode-id-40ee4a21d597ef97e7498bd4d7db947b.reposition-arrows .owl-nav .owl-prev {\n    top: 50%;\n    transform: translateY(calc(-50% + 0px));\n    left: 10px;\n  }\n  .gallery-carousel-shortcode.gallery-carousel-shortcode-id-40ee4a21d597ef97e7498bd4d7db947b.reposition-arrows .owl-nav .owl-next {\n    top: 50%;\n    transform: translateY(calc(-50% + 0px));\n    right: 10px;\n  }\n}\n@media screen and (max-width: 778px) and all and (-ms-high-contrast: none) {\n  .gallery-carousel-shortcode.gallery-carousel-shortcode-id-40ee4a21d597ef97e7498bd4d7db947b.reposition-arrows .owl-nav .owl-prev {\n    transform: translateY(-50%);\n    margin-top: 0px;\n  }\n}\n@media screen and (max-width: 778px) and all and (-ms-high-contrast: none) {\n  .gallery-carousel-shortcode.gallery-carousel-shortcode-id-40ee4a21d597ef97e7498bd4d7db947b.reposition-arrows .owl-nav .owl-next {\n    transform: translateY(-50%);\n    margin-top: 0px;\n  }\n}\n.gallery-carousel-shortcode.gallery-carousel-shortcode-id-40ee4a21d597ef97e7498bd4d7db947b figure,\n.gallery-carousel-shortcode.gallery-carousel-shortcode-id-40ee4a21d597ef97e7498bd4d7db947b .rollover,\n.gallery-carousel-shortcode.gallery-carousel-shortcode-id-40ee4a21d597ef97e7498bd4d7db947b img,\n.gallery-carousel-shortcode.gallery-carousel-shortcode-id-40ee4a21d597ef97e7498bd4d7db947b .gallery-rollover {\n  border-radius: 0px;\n}\n.gallery-carousel-shortcode.gallery-carousel-shortcode-id-40ee4a21d597ef97e7498bd4d7db947b.enable-bg-rollover .gallery-rollover {\n  background: -webkit-linear-gradient();\n  background: linear-gradient();\n}\n.gallery-carousel-shortcode.gallery-carousel-shortcode-id-40ee4a21d597ef97e7498bd4d7db947b.enable-img-shadow .owl-stage-outer {\n  padding: 14px 0;\n}\n.gallery-carousel-shortcode.gallery-carousel-shortcode-id-40ee4a21d597ef97e7498bd4d7db947b.enable-bg-rollover.hover-scale figure .rollover:after {\n  background: -webkit-linear-gradient();\n  background: linear-gradient();\n}\n.gallery-carousel-shortcode.gallery-carousel-shortcode-id-40ee4a21d597ef97e7498bd4d7db947b.gallery-shortcode .gallery-zoom-ico {\n  width: 44px;\n  height: 44px;\n  line-height: 44px;\n  border-radius: 100px;\n  margin: -22px 0 0 -22px;\n  border-width: 0px;\n}\n.dt-icon-bg-on.gallery-carousel-shortcode.gallery-carousel-shortcode-id-40ee4a21d597ef97e7498bd4d7db947b.gallery-shortcode .gallery-zoom-ico {\n  background: rgba(255,255,255,0.3);\n  box-shadow: none;\n}\n.gallery-carousel-shortcode.gallery-carousel-shortcode-id-40ee4a21d597ef97e7498bd4d7db947b.gallery-shortcode .gallery-zoom-ico:before,\n.gallery-carousel-shortcode.gallery-carousel-shortcode-id-40ee4a21d597ef97e7498bd4d7db947b.gallery-shortcode .gallery-zoom-ico span {\n  font-size: 32px;\n  line-height: 44px;\n  color: #ffffff;\n  background: none;\n}\n<\/style><div class=\"owl-carousel gallery-carousel-shortcode gallery-shortcode  dt-gallery-container dt-owl-carousel-call gallery-carousel-shortcode-id-40ee4a21d597ef97e7498bd4d7db947b quick-scale-img enable-bg-rollover meta-info-off dt-arrow-border-on dt-arrow-hover-border-on bullets-small-dot-stroke reposition-arrows dt-icon-bg-off arrows-bg-on disable-arrows-hover-bg arrows-hover-bg-on  hover-fade \" data-scroll-mode=\"1\" data-col-num=\"5\" data-wide-col-num=\"5\" data-laptop-col=\"5\" data-h-tablet-columns-num=\"5\" data-v-tablet-columns-num=\"3\" data-phone-columns-num=\"1\" data-col-gap=\"10\" data-stage-padding=\"0\" data-speed=\"600\" data-autoplay=\"false\" data-autoplay_speed=\"6000\" data-arrows=\"false\" data-bullet=\"false\" data-next-icon=\"icon-ar-017-r\" data-prev-icon=\"icon-ar-017-l\" data-img-shadow-size=\"12px\" data-img-shadow-spread=\"3px\"><div data-post-id=\"2547\" data-date=\"2021-09-27T16:29:08-04:00\" data-name=\"cms-1\"><figure class=\"post\"><a href=\"https:\/\/fpspaiements.ca\/wp-content\/uploads\/2021\/09\/cms-1.jpg\" class=\"rollover dt-pswp-item layzr-bg\" data-large_image_width=\"800\" data-large_image_height=\"250\" data-dt-img-description=\"\" title=\"cms-1\"><img fetchpriority=\"high\" decoding=\"async\" class=\"preload-me owl-lazy-load aspect\" src=\"data:image\/svg+xml,%3Csvg%20xmlns%3D&#039;http%3A%2F%2Fwww.w3.org%2F2000%2Fsvg&#039;%20viewBox%3D&#039;0%200%20800%20250&#039;%2F%3E\" data-src=\"https:\/\/fpspaiements.ca\/wp-content\/uploads\/2021\/09\/cms-1.jpg\" data-srcset=\"https:\/\/fpspaiements.ca\/wp-content\/uploads\/2021\/09\/cms-1.jpg 800w\" loading=\"eager\" style=\"--ratio: 800 \/ 250\" sizes=\"(max-width: 800px) 100vw, 800px\" alt=\"cms-1\" width=\"800\" height=\"250\" title=\"\"><span class=\"gallery-rollover\"><\/span><\/a><\/figure><\/div><div data-post-id=\"2548\" data-date=\"2021-09-27T16:29:09-04:00\" data-name=\"cms-2\"><figure class=\"post\"><a href=\"https:\/\/fpspaiements.ca\/wp-content\/uploads\/2021\/09\/cms-2.jpg\" class=\"rollover dt-pswp-item layzr-bg\" data-large_image_width=\"800\" data-large_image_height=\"250\" data-dt-img-description=\"\" title=\"cms-2\"><img decoding=\"async\" class=\"preload-me owl-lazy-load aspect\" src=\"data:image\/svg+xml,%3Csvg%20xmlns%3D&#039;http%3A%2F%2Fwww.w3.org%2F2000%2Fsvg&#039;%20viewBox%3D&#039;0%200%20800%20250&#039;%2F%3E\" data-src=\"https:\/\/fpspaiements.ca\/wp-content\/uploads\/2021\/09\/cms-2.jpg\" data-srcset=\"https:\/\/fpspaiements.ca\/wp-content\/uploads\/2021\/09\/cms-2.jpg 800w\" loading=\"eager\" style=\"--ratio: 800 \/ 250\" sizes=\"(max-width: 800px) 100vw, 800px\" alt=\"cms-2\" width=\"800\" height=\"250\" title=\"\"><span class=\"gallery-rollover\"><\/span><\/a><\/figure><\/div><div data-post-id=\"2549\" data-date=\"2021-09-27T16:29:10-04:00\" data-name=\"cms-3\"><figure class=\"post\"><a href=\"https:\/\/fpspaiements.ca\/wp-content\/uploads\/2021\/09\/cms-3.jpg\" class=\"rollover dt-pswp-item layzr-bg\" data-large_image_width=\"800\" data-large_image_height=\"250\" data-dt-img-description=\"\" title=\"cms-3\"><img decoding=\"async\" class=\"preload-me owl-lazy-load aspect\" src=\"data:image\/svg+xml,%3Csvg%20xmlns%3D&#039;http%3A%2F%2Fwww.w3.org%2F2000%2Fsvg&#039;%20viewBox%3D&#039;0%200%20800%20250&#039;%2F%3E\" data-src=\"https:\/\/fpspaiements.ca\/wp-content\/uploads\/2021\/09\/cms-3.jpg\" data-srcset=\"https:\/\/fpspaiements.ca\/wp-content\/uploads\/2021\/09\/cms-3.jpg 800w\" loading=\"eager\" style=\"--ratio: 800 \/ 250\" sizes=\"(max-width: 800px) 100vw, 800px\" alt=\"cms-3\" width=\"800\" height=\"250\" title=\"\"><span class=\"gallery-rollover\"><\/span><\/a><\/figure><\/div><div data-post-id=\"2551\" data-date=\"2021-09-27T16:29:11-04:00\" data-name=\"cms-5\"><figure class=\"post\"><a href=\"https:\/\/fpspaiements.ca\/wp-content\/uploads\/2021\/09\/cms-5.jpg\" class=\"rollover dt-pswp-item layzr-bg\" data-large_image_width=\"800\" data-large_image_height=\"250\" data-dt-img-description=\"\" title=\"cms-5\"><img decoding=\"async\" class=\"preload-me owl-lazy-load aspect\" src=\"data:image\/svg+xml,%3Csvg%20xmlns%3D&#039;http%3A%2F%2Fwww.w3.org%2F2000%2Fsvg&#039;%20viewBox%3D&#039;0%200%20800%20250&#039;%2F%3E\" data-src=\"https:\/\/fpspaiements.ca\/wp-content\/uploads\/2021\/09\/cms-5.jpg\" data-srcset=\"https:\/\/fpspaiements.ca\/wp-content\/uploads\/2021\/09\/cms-5.jpg 800w\" loading=\"eager\" style=\"--ratio: 800 \/ 250\" sizes=\"(max-width: 800px) 100vw, 800px\" alt=\"cms-5\" width=\"800\" height=\"250\" title=\"\"><span class=\"gallery-rollover\"><\/span><\/a><\/figure><\/div><div data-post-id=\"2550\" data-date=\"2021-09-27T16:29:10-04:00\" data-name=\"cms-4\"><figure class=\"post\"><a href=\"https:\/\/fpspaiements.ca\/wp-content\/uploads\/2021\/09\/cms-4.jpg\" class=\"rollover dt-pswp-item layzr-bg\" data-large_image_width=\"800\" data-large_image_height=\"250\" data-dt-img-description=\"\" title=\"cms-4\"><img decoding=\"async\" class=\"preload-me owl-lazy-load aspect\" src=\"data:image\/svg+xml,%3Csvg%20xmlns%3D&#039;http%3A%2F%2Fwww.w3.org%2F2000%2Fsvg&#039;%20viewBox%3D&#039;0%200%20800%20250&#039;%2F%3E\" data-src=\"https:\/\/fpspaiements.ca\/wp-content\/uploads\/2021\/09\/cms-4.jpg\" data-srcset=\"https:\/\/fpspaiements.ca\/wp-content\/uploads\/2021\/09\/cms-4.jpg 800w\" loading=\"eager\" style=\"--ratio: 800 \/ 250\" sizes=\"(max-width: 800px) 100vw, 800px\" alt=\"cms-4\" width=\"800\" height=\"250\" title=\"\"><span class=\"gallery-rollover\"><\/span><\/a><\/figure><\/div><\/div>[\/vc_column][\/vc_row][vc_row full_width=\u00a0\u00bbstretch_row\u00a0\u00bb bg_type=\u00a0\u00bbbg_color\u00a0\u00bb bg_color_value=\u00a0\u00bb#0460b2&Prime; css=\u00a0\u00bb.vc_custom_1632686666885{padding-top: 100px !important;padding-bottom: 100px !important;}\u00a0\u00bb][vc_column width=\u00a0\u00bb2\/3&Prime;][vc_column_text]<\/p>\n<h3 style=\"color: white;\"><strong>Le meilleur taux d&rsquo;int\u00e9r\u00eat pour Interac avec les cartes de cr\u00e9dit<\/strong><\/h3>\n<h3 style=\"color: white;\">Visa, Master Cards, American Express, Discover<\/h3>\n<p>[\/vc_column_text][\/vc_column][vc_column width=\u00a0\u00bb1\/3&Prime;]<div class=\" ubtn-ctn-center \"><a class=\"ubtn-link ult-adjust-bottom-margin ubtn-center ubtn-large \" href=\"https:\/\/fpspaiements.ca\/fr\/contact\/\" ><button type=\"button\" id=\"ubtn-9548\"  class=\"ubtn ult-adjust-bottom-margin ult-responsive ubtn-large ubtn-no-hover-bg  none  ubtn-center   tooltip-69e1a483efdd1\"  data-hover=\"\" data-border-color=\"#ffffff\" data-bg=\"\" data-hover-bg=\"\" data-border-hover=\"#dd3333\" data-shadow-hover=\"\" data-shadow-click=\"none\" data-shadow=\"\" data-shd-shadow=\"\"  data-ultimate-target='#ubtn-9548'  data-responsive-json-new='{\"font-size\":\"desktop:24px;\",\"line-height\":\"\"}'  style=\"font-weight:normal;border-radius:3px;border-width:1px;border-color:#ffffff;border-style:solid;color: #ffffff;\"><span class=\"ubtn-hover\" style=\"background-color:\"><\/span><span class=\"ubtn-data ubtn-text \" >FREE QUOTE<\/span><\/button><\/a><\/div>[\/vc_column][\/vc_row][vc_row equal_height=\u00a0\u00bbyes\u00a0\u00bb type=\u00a0\u00bbvc_default\u00a0\u00bb css=\u00a0\u00bb.vc_custom_1491729572963{padding-top: 70px !important;padding-bottom: 70px !important;}\u00a0\u00bb][vc_column width=\u00a0\u00bb1\/2&Prime;][vc_column_text]<\/p>\n<h3>UNE SOLUTION DE PAIEMENT SIMPLE ET S\u00c9CURITAIRE POUR VOTRE E-COMMERCE<\/h3>\n<p>[\/vc_column_text][vc_empty_space height=\u00a0\u00bb30px\u00a0\u00bb]<div class=\"smile_icon_list_wrap ult_info_list_container ult-adjust-bottom-margin  \"><ul class=\"smile_icon_list left hexagon\"><li class=\"icon_list_item\" style=\" font-size:90px;\"><div class=\"icon_list_icon\" data-animation=\"pulse\" data-animation-delay=\"03\" style=\"font-size:30px;background:#1c66a0;color:#ffffff;border-color:#1c66a0;\"><i class=\"icomoon-feather-24x24-monitor\" ><\/i><\/div><div class=\"icon_description\" id=\"Info-list-wrap-1703\" style=\"font-size:30px;\"><h3 class=\"ult-responsive info-list-heading\"  data-ultimate-target='#Info-list-wrap-1703 h3'  data-responsive-json-new='{\"font-size\":\"desktop:20px;\",\"line-height\":\"desktop:30px;\"}'  style=\"font-weight:bold;\">B\u00c9N\u00c9FICIEZ DU MEILLEUR TAUX<\/h3><div class=\"icon_description_text ult-responsive\"  data-ultimate-target='#Info-list-wrap-1703 .icon_description_text'  data-responsive-json-new='{\"font-size\":\"desktop:14px;\",\"line-height\":\"desktop:26px;\"}'  style=\"\"><p><a href=\"https:\/\/fpspaiements.ca\/fr\/\">FPS Paiements<\/a> offre \u00e0 toutes les entreprises du <a href=\"https:\/\/www.quebec.ca\/entreprises-et-travailleurs-autonomes\/obtenir-renseignements-entreprise\/recherche-registre-entreprises\/acceder-registre-entreprises\" rel=\"nofollow noopener\" target=\"_blank\">Qu\u00e9bec<\/a> et de l\u2019<a href=\"https:\/\/www.ontario.ca\/fr\/page\/registre-des-entreprises-de-lontario\" rel=\"nofollow noopener\" target=\"_blank\">Ontario<\/a> le meilleur taux de l\u2019industrie.<\/p>\n<\/div><\/div><div class=\"icon_list_connector\"  style=\"border-right-width: 1px;border-right-style: dashed;border-color: rgba(51,51,51,0.4);\"><\/div><\/li><li class=\"icon_list_item\" style=\" font-size:90px;\"><div class=\"icon_list_icon\" data-animation=\"pulse\" data-animation-delay=\"03\" style=\"font-size:30px;background:#1c66a0;color:#ffffff;border-color:#1c66a0;\"><i class=\"icomoon-feather-24x24-monitor\" ><\/i><\/div><div class=\"icon_description\" id=\"Info-list-wrap-6137\" style=\"font-size:30px;\"><h3 class=\"ult-responsive info-list-heading\"  data-ultimate-target='#Info-list-wrap-6137 h3'  data-responsive-json-new='{\"font-size\":\"desktop:20px;\",\"line-height\":\"desktop:30px;\"}'  style=\"font-weight:bold;\">R\u00c9DUISEZ VOS FRAIS FIXES<\/h3><div class=\"icon_description_text ult-responsive\"  data-ultimate-target='#Info-list-wrap-6137 .icon_description_text'  data-responsive-json-new='{\"font-size\":\"desktop:14px;\",\"line-height\":\"desktop:26px;\"}'  style=\"\"><p>Si vous recherchez le moyen de r\u00e9duire vos frais fixes de vos terminaux de paiement, FPS paiement vous offre l\u2019occasion de le faire. Pour plus d\u2019informations, communiquez avec notre repr\u00e9sentant.<\/p>\n<\/div><\/div><div class=\"icon_list_connector\"  style=\"border-right-width: 1px;border-right-style: dashed;border-color: rgba(51,51,51,0.4);\"><\/div><\/li><li class=\"icon_list_item\" style=\" font-size:90px;\"><div class=\"icon_list_icon\" data-animation=\"pulse\" data-animation-delay=\"03\" style=\"font-size:30px;background:#1c66a0;color:#ffffff;border-color:#1c66a0;\"><i class=\"icomoon-feather-24x24-monitor\" ><\/i><\/div><div class=\"icon_description\" id=\"Info-list-wrap-3780\" style=\"font-size:30px;\"><h3 class=\"ult-responsive info-list-heading\"  data-ultimate-target='#Info-list-wrap-3780 h3'  data-responsive-json-new='{\"font-size\":\"desktop:20px;\",\"line-height\":\"desktop:30px;\"}'  style=\"font-weight:bold;\">PROFITEZ DU MEILLEUR SERVICE<\/h3><div class=\"icon_description_text ult-responsive\"  data-ultimate-target='#Info-list-wrap-3780 .icon_description_text'  data-responsive-json-new='{\"font-size\":\"desktop:14px;\",\"line-height\":\"desktop:26px;\"}'  style=\"\"><p>FPS Paiement vous offre le meilleur service de l\u2019industrie. Faites affaire avec nous et vous constaterez que l\u2019exp\u00e9rience que nous d\u00e9tenons dans le domaine est rassurante tout au long de notre relation d\u2019affaires.<\/p>\n<\/div><\/div><div class=\"icon_list_connector\"  style=\"border-right-width: 1px;border-right-style: dashed;border-color: rgba(51,51,51,0.4);\"><\/div><\/li><\/ul><\/div>[\/vc_column][vc_column width=\u00a0\u00bb1\/2&Prime;][vc_single_image image=\u00a0\u00bb2241&Prime; img_size=\u00a0\u00bbfull\u00a0\u00bb][\/vc_column][\/vc_row]<\/p>\n<\/div>","protected":false},"excerpt":{"rendered":"<p>[vc_row full_width=\u00a0\u00bbstretch_row\u00a0\u00bb content_placement=\u00a0\u00bbmiddle\u00a0\u00bb bg_type=\u00a0\u00bbimage\u00a0\u00bb parallax_style=\u00a0\u00bbvcpb-default\u00a0\u00bb bg_image_repeat=\u00a0\u00bbno-repeat\u00a0\u00bb css=\u00a0\u00bb.vc_custom_1632694095872{padding-top: 50px !important;padding-bottom: 50px !important;}\u00a0\u00bb][vc_column width=\u00a0\u00bb1\/2&Prime;][vc_column_text] NOUS AVONS L\u00c0 SOLUTION POUR UN PAIEMENT FACILE \u00c0 FAIRE POUR VOS CLIENTS SUR VOTRE BOUTIQUE EN LIGNE ! Au moment o\u00f9 vos clients font un achat dans votre boutique en ligne, ils sont redirig\u00e9s vers une page o\u00f9 ils ont un formulaire&hellip;<\/p>\n","protected":false},"author":6,"featured_media":4067,"parent":0,"menu_order":1,"comment_status":"closed","ping_status":"closed","template":"","meta":{"content-type":"","_monsterinsights_skip_tracking":false,"_monsterinsights_sitenote_active":false,"_monsterinsights_sitenote_note":"","_monsterinsights_sitenote_category":0,"footnotes":""},"_links":{"self":[{"href":"https:\/\/fpspaiements.ca\/fr\/wp-json\/wp\/v2\/pages\/2544"}],"collection":[{"href":"https:\/\/fpspaiements.ca\/fr\/wp-json\/wp\/v2\/pages"}],"about":[{"href":"https:\/\/fpspaiements.ca\/fr\/wp-json\/wp\/v2\/types\/page"}],"author":[{"embeddable":true,"href":"https:\/\/fpspaiements.ca\/fr\/wp-json\/wp\/v2\/users\/6"}],"replies":[{"embeddable":true,"href":"https:\/\/fpspaiements.ca\/fr\/wp-json\/wp\/v2\/comments?post=2544"}],"version-history":[{"count":7,"href":"https:\/\/fpspaiements.ca\/fr\/wp-json\/wp\/v2\/pages\/2544\/revisions"}],"predecessor-version":[{"id":4446,"href":"https:\/\/fpspaiements.ca\/fr\/wp-json\/wp\/v2\/pages\/2544\/revisions\/4446"}],"wp:featuredmedia":[{"embeddable":true,"href":"https:\/\/fpspaiements.ca\/fr\/wp-json\/wp\/v2\/media\/4067"}],"wp:attachment":[{"href":"https:\/\/fpspaiements.ca\/fr\/wp-json\/wp\/v2\/media?parent=2544"}],"curies":[{"name":"wp","href":"https:\/\/api.w.org\/{rel}","templated":true}]}}