{"id":4056,"date":"2023-09-14T08:55:46","date_gmt":"2023-09-14T12:55:46","guid":{"rendered":"https:\/\/fpspaiements.ca\/?page_id=4056"},"modified":"2024-05-13T11:40:57","modified_gmt":"2024-05-13T15:40:57","slug":"carriere","status":"publish","type":"page","link":"https:\/\/fpspaiements.ca\/fr\/carriere\/","title":{"rendered":"Carri\u00e8re"},"content":{"rendered":"\t\t<div data-elementor-type=\"wp-page\" data-elementor-id=\"4056\" class=\"elementor elementor-4056\">\n\t\t\t\t\t\t<section class=\"elementor-section elementor-top-section elementor-element elementor-element-45e7fb4 elementor-section-boxed elementor-section-height-default elementor-section-height-default\" data-id=\"45e7fb4\" data-element_type=\"section\">\n\t\t\t\t\t\t<div class=\"elementor-container elementor-column-gap-default\">\n\t\t\t\t\t<div class=\"elementor-column elementor-col-50 elementor-top-column elementor-element elementor-element-fb45a25 elementor-invisible\" data-id=\"fb45a25\" data-element_type=\"column\" data-settings=\"{&quot;animation&quot;:&quot;fadeInLeft&quot;}\">\n\t\t\t<div class=\"elementor-widget-wrap elementor-element-populated\">\n\t\t\t\t\t\t<div class=\"elementor-element elementor-element-79d7bb6 elementor-widget elementor-widget-image\" data-id=\"79d7bb6\" data-element_type=\"widget\" data-widget_type=\"image.default\">\n\t\t\t\t<div class=\"elementor-widget-container\">\n\t\t\t\t\t\t\t\t\t\t\t\t\t<img fetchpriority=\"high\" decoding=\"async\" width=\"1024\" height=\"683\" src=\"https:\/\/fpspaiements.ca\/wp-content\/uploads\/2023\/09\/typing-on-keyboard-2021-08-27-09-58-09-utc-min-1024x683.jpg\" class=\"attachment-large size-large wp-image-4071\" alt=\"des mains qui tappent sur un clavier\" srcset=\"https:\/\/fpspaiements.ca\/wp-content\/uploads\/2023\/09\/typing-on-keyboard-2021-08-27-09-58-09-utc-min-1024x683.jpg 1024w, https:\/\/fpspaiements.ca\/wp-content\/uploads\/2023\/09\/typing-on-keyboard-2021-08-27-09-58-09-utc-min-300x200.jpg 300w, https:\/\/fpspaiements.ca\/wp-content\/uploads\/2023\/09\/typing-on-keyboard-2021-08-27-09-58-09-utc-min-768x513.jpg 768w, https:\/\/fpspaiements.ca\/wp-content\/uploads\/2023\/09\/typing-on-keyboard-2021-08-27-09-58-09-utc-min-1536x1025.jpg 1536w, https:\/\/fpspaiements.ca\/wp-content\/uploads\/2023\/09\/typing-on-keyboard-2021-08-27-09-58-09-utc-min-2048x1367.jpg 2048w\" sizes=\"(max-width: 1024px) 100vw, 1024px\" title=\"\">\t\t\t\t\t\t\t\t\t\t\t\t\t<\/div>\n\t\t\t\t<\/div>\n\t\t\t\t<div class=\"elementor-element elementor-element-768db4d elementor-widget elementor-widget-heading\" data-id=\"768db4d\" data-element_type=\"widget\" data-widget_type=\"heading.default\">\n\t\t\t\t<div class=\"elementor-widget-container\">\n\t\t\t<h2 class=\"elementor-heading-title elementor-size-default\">Adjointe administrative<\/h2>\t\t<\/div>\n\t\t\t\t<\/div>\n\t\t\t\t<div class=\"elementor-element elementor-element-f5e5a42 elementor-align-justify elementor-tablet-align-justify elementor-mobile-align-justify elementor-widget elementor-widget-button\" data-id=\"f5e5a42\" data-element_type=\"widget\" data-widget_type=\"button.default\">\n\t\t\t\t<div class=\"elementor-widget-container\">\n\t\t\t\t\t<div class=\"elementor-button-wrapper\">\n\t\t\t<a class=\"elementor-button elementor-button-link elementor-size-sm\" href=\"https:\/\/fpspaiements.ca\/wp-content\/uploads\/2023\/09\/FPSP_offre_adjointe.pdf\" target=\"_blank\">\n\t\t\t\t\t\t<span class=\"elementor-button-content-wrapper\">\n\t\t\t\t\t\t\t\t\t<span class=\"elementor-button-text\">En savoir plus<\/span>\n\t\t\t\t\t<\/span>\n\t\t\t\t\t<\/a>\n\t\t<\/div>\n\t\t\t\t<\/div>\n\t\t\t\t<\/div>\n\t\t\t\t\t<\/div>\n\t\t<\/div>\n\t\t\t\t<div class=\"elementor-column elementor-col-50 elementor-top-column elementor-element elementor-element-b445b85 elementor-invisible\" data-id=\"b445b85\" data-element_type=\"column\" data-settings=\"{&quot;animation&quot;:&quot;fadeInRight&quot;}\">\n\t\t\t<div class=\"elementor-widget-wrap elementor-element-populated\">\n\t\t\t\t\t\t<div class=\"elementor-element elementor-element-db92c7c elementor-widget elementor-widget-image\" data-id=\"db92c7c\" data-element_type=\"widget\" data-widget_type=\"image.default\">\n\t\t\t\t<div class=\"elementor-widget-container\">\n\t\t\t\t\t\t\t\t\t\t\t\t\t<img decoding=\"async\" width=\"1024\" height=\"683\" src=\"https:\/\/fpspaiements.ca\/wp-content\/uploads\/2023\/09\/businessmans-handshake-2022-11-11-18-40-55-utc-min-1024x683.jpg\" class=\"attachment-large size-large wp-image-4069\" alt=\"poign\u00e9e de main \/ FPS Paiements solutions de paiements\" srcset=\"https:\/\/fpspaiements.ca\/wp-content\/uploads\/2023\/09\/businessmans-handshake-2022-11-11-18-40-55-utc-min-1024x683.jpg 1024w, https:\/\/fpspaiements.ca\/wp-content\/uploads\/2023\/09\/businessmans-handshake-2022-11-11-18-40-55-utc-min-300x200.jpg 300w, https:\/\/fpspaiements.ca\/wp-content\/uploads\/2023\/09\/businessmans-handshake-2022-11-11-18-40-55-utc-min-768x512.jpg 768w, https:\/\/fpspaiements.ca\/wp-content\/uploads\/2023\/09\/businessmans-handshake-2022-11-11-18-40-55-utc-min-1536x1024.jpg 1536w, https:\/\/fpspaiements.ca\/wp-content\/uploads\/2023\/09\/businessmans-handshake-2022-11-11-18-40-55-utc-min-2048x1365.jpg 2048w\" sizes=\"(max-width: 1024px) 100vw, 1024px\" title=\"\">\t\t\t\t\t\t\t\t\t\t\t\t\t<\/div>\n\t\t\t\t<\/div>\n\t\t\t\t<div class=\"elementor-element elementor-element-01fe766 elementor-widget elementor-widget-heading\" data-id=\"01fe766\" data-element_type=\"widget\" data-widget_type=\"heading.default\">\n\t\t\t\t<div class=\"elementor-widget-container\">\n\t\t\t<h2 class=\"elementor-heading-title elementor-size-default\">Repr\u00e9sentant des Ventes Commerciales<\/h2>\t\t<\/div>\n\t\t\t\t<\/div>\n\t\t\t\t<div class=\"elementor-element elementor-element-2e88fcf elementor-align-justify elementor-tablet-align-justify elementor-mobile-align-justify elementor-widget elementor-widget-button\" data-id=\"2e88fcf\" data-element_type=\"widget\" data-widget_type=\"button.default\">\n\t\t\t\t<div class=\"elementor-widget-container\">\n\t\t\t\t\t<div class=\"elementor-button-wrapper\">\n\t\t\t<a class=\"elementor-button elementor-button-link elementor-size-sm\" href=\"https:\/\/fpspaiements.ca\/wp-content\/uploads\/2023\/09\/FPSP_offre_ventes.pdf\" target=\"_blank\">\n\t\t\t\t\t\t<span class=\"elementor-button-content-wrapper\">\n\t\t\t\t\t\t\t\t\t<span class=\"elementor-button-text\">En savoir plus<\/span>\n\t\t\t\t\t<\/span>\n\t\t\t\t\t<\/a>\n\t\t<\/div>\n\t\t\t\t<\/div>\n\t\t\t\t<\/div>\n\t\t\t\t\t<\/div>\n\t\t<\/div>\n\t\t\t\t\t<\/div>\n\t\t<\/section>\n\t\t\t\t<section class=\"elementor-section elementor-top-section elementor-element elementor-element-f960984 elementor-section-content-middle elementor-section-full_width elementor-section-stretched elementor-section-height-default elementor-section-height-default\" data-id=\"f960984\" data-element_type=\"section\" data-settings=\"{&quot;background_background&quot;:&quot;classic&quot;,&quot;stretch_section&quot;:&quot;section-stretched&quot;}\">\n\t\t\t\t\t\t\t<div class=\"elementor-background-overlay\"><\/div>\n\t\t\t\t\t\t\t<div class=\"elementor-container elementor-column-gap-no\">\n\t\t\t\t\t<div class=\"elementor-column elementor-col-100 elementor-top-column elementor-element elementor-element-e47c313 elementor-invisible\" data-id=\"e47c313\" data-element_type=\"column\" data-settings=\"{&quot;animation&quot;:&quot;fadeInUp&quot;}\">\n\t\t\t<div class=\"elementor-widget-wrap elementor-element-populated\">\n\t\t\t\t\t\t<div class=\"elementor-element elementor-element-95b87d5 elementor-widget elementor-widget-text-editor\" data-id=\"95b87d5\" data-element_type=\"widget\" data-widget_type=\"text-editor.default\">\n\t\t\t\t<div class=\"elementor-widget-container\">\n\t\t\t\t\t\t\t<div class=\"flex flex-grow flex-col max-w-full\"><div class=\"min-h-[20px] text-message flex flex-col items-start gap-3 whitespace-pre-wrap break-words [.text-message+&amp;]:mt-5 overflow-x-auto\" dir=\"auto\" data-message-author-role=\"assistant\" data-message-id=\"d3f3960a-6d11-4326-b7b7-49ee61c11265\"><div class=\"markdown prose w-full break-words dark:prose-invert dark\"><h4>Rejoignez l&rsquo;\u00e9quipe de FPS Paiements et contribuez \u00e0 r\u00e9volutionner les solutions de paiement en collaboration avec notre fournisseur de premier plan, Clover Capital. Nous recherchons des talents passionn\u00e9s pour divers r\u00f4les, pr\u00eats \u00e0 innover et \u00e0 exceller dans un environnement dynamique.<\/h4><p>Consultez nos postes disponibles et lancez-vous dans une carri\u00e8re prometteuse avec nous. Faites partie de l&rsquo;avenir des transactions financi\u00e8res avec FPS Paiements!<\/p><\/div><\/div><\/div>\t\t\t\t\t\t<\/div>\n\t\t\t\t<\/div>\n\t\t\t\t<div class=\"elementor-element elementor-element-2ef8146 elementor-widget elementor-widget-heading\" data-id=\"2ef8146\" data-element_type=\"widget\" data-widget_type=\"heading.default\">\n\t\t\t\t<div class=\"elementor-widget-container\">\n\t\t\t<h4 class=\"elementor-heading-title elementor-size-default\">Vous souhaitez rejoindre notre \u00e9quipe?<\/h4>\t\t<\/div>\n\t\t\t\t<\/div>\n\t\t\t\t<section class=\"elementor-section elementor-inner-section elementor-element elementor-element-2cd4c5c elementor-section-content-middle elementor-section-boxed elementor-section-height-default elementor-section-height-default\" data-id=\"2cd4c5c\" data-element_type=\"section\">\n\t\t\t\t\t\t<div class=\"elementor-container elementor-column-gap-no\">\n\t\t\t\t\t<div class=\"elementor-column elementor-col-100 elementor-inner-column elementor-element elementor-element-fc8c93f\" data-id=\"fc8c93f\" data-element_type=\"column\">\n\t\t\t<div class=\"elementor-widget-wrap elementor-element-populated\">\n\t\t\t\t\t\t<div class=\"elementor-element elementor-element-e989a27 elementor-align-center elementor-widget elementor-widget-button\" data-id=\"e989a27\" data-element_type=\"widget\" data-widget_type=\"button.default\">\n\t\t\t\t<div class=\"elementor-widget-container\">\n\t\t\t\t\t<div class=\"elementor-button-wrapper\">\n\t\t\t<a class=\"elementor-button elementor-button-link elementor-size-sm\" href=\"#contact\">\n\t\t\t\t\t\t<span class=\"elementor-button-content-wrapper\">\n\t\t\t\t\t\t\t\t\t<span class=\"elementor-button-text\">Contactez-nous<\/span>\n\t\t\t\t\t<\/span>\n\t\t\t\t\t<\/a>\n\t\t<\/div>\n\t\t\t\t<\/div>\n\t\t\t\t<\/div>\n\t\t\t\t\t<\/div>\n\t\t<\/div>\n\t\t\t\t\t<\/div>\n\t\t<\/section>\n\t\t\t\t\t<\/div>\n\t\t<\/div>\n\t\t\t\t\t<\/div>\n\t\t<\/section>\n\t\t\t\t<section class=\"elementor-section elementor-top-section elementor-element elementor-element-41af1ef elementor-section-content-middle elementor-section-boxed elementor-section-height-default elementor-section-height-default elementor-invisible\" data-id=\"41af1ef\" data-element_type=\"section\" id=\"contact\" data-settings=\"{&quot;animation&quot;:&quot;fadeInUp&quot;}\">\n\t\t\t\t\t\t<div class=\"elementor-container elementor-column-gap-default\">\n\t\t\t\t\t<div class=\"elementor-column elementor-col-50 elementor-top-column elementor-element elementor-element-537ecc5\" data-id=\"537ecc5\" data-element_type=\"column\">\n\t\t\t<div class=\"elementor-widget-wrap elementor-element-populated\">\n\t\t\t\t\t\t<div class=\"elementor-element elementor-element-212c22d elementor-widget elementor-widget-image\" data-id=\"212c22d\" data-element_type=\"widget\" data-widget_type=\"image.default\">\n\t\t\t\t<div class=\"elementor-widget-container\">\n\t\t\t\t\t\t\t\t\t\t\t\t\t<img decoding=\"async\" width=\"1024\" height=\"768\" src=\"https:\/\/fpspaiements.ca\/wp-content\/uploads\/2022\/11\/FPS_Payment_Logo_icon-07-1024x768.png\" class=\"attachment-large size-large wp-image-3333\" alt=\"logo FPS Paiements\" srcset=\"https:\/\/fpspaiements.ca\/wp-content\/uploads\/2022\/11\/FPS_Payment_Logo_icon-07-1024x768.png 1024w, https:\/\/fpspaiements.ca\/wp-content\/uploads\/2022\/11\/FPS_Payment_Logo_icon-07-300x225.png 300w, https:\/\/fpspaiements.ca\/wp-content\/uploads\/2022\/11\/FPS_Payment_Logo_icon-07-768x576.png 768w, https:\/\/fpspaiements.ca\/wp-content\/uploads\/2022\/11\/FPS_Payment_Logo_icon-07-1536x1152.png 1536w, https:\/\/fpspaiements.ca\/wp-content\/uploads\/2022\/11\/FPS_Payment_Logo_icon-07-2048x1536.png 2048w\" sizes=\"(max-width: 1024px) 100vw, 1024px\" title=\"\">\t\t\t\t\t\t\t\t\t\t\t\t\t<\/div>\n\t\t\t\t<\/div>\n\t\t\t\t\t<\/div>\n\t\t<\/div>\n\t\t\t\t<div class=\"elementor-column elementor-col-50 elementor-top-column elementor-element elementor-element-5bc948b\" data-id=\"5bc948b\" data-element_type=\"column\">\n\t\t\t<div class=\"elementor-widget-wrap elementor-element-populated\">\n\t\t\t\t\t\t<div class=\"elementor-element elementor-element-397788d eael-contact-form-7-button-align-left eael-contact-form-7-button-custom elementor-widget elementor-widget-eael-contact-form-7\" data-id=\"397788d\" data-element_type=\"widget\" data-widget_type=\"eael-contact-form-7.default\">\n\t\t\t\t<div class=\"elementor-widget-container\">\n\t\t\t<div class=\"eael-contact-form-7-wrapper\">\n                <div class=\"eael-contact-form eael-contact-form-7 eael-contact-form-397788d placeholder-show eael-contact-form-align-left\">\n<div class=\"wpcf7 no-js\" id=\"wpcf7-f13-o1\" lang=\"en-US\" dir=\"ltr\">\n<div class=\"screen-reader-response\"><p role=\"status\" aria-live=\"polite\" aria-atomic=\"true\"><\/p> <ul><\/ul><\/div>\n<form action=\"\/fr\/wp-json\/wp\/v2\/pages\/4056#wpcf7-f13-o1\" method=\"post\" class=\"wpcf7-form init\" aria-label=\"Contact form\" novalidate=\"novalidate\" data-status=\"init\">\n<div style=\"display: none;\">\n<input type=\"hidden\" name=\"_wpcf7\" value=\"13\" \/>\n<input type=\"hidden\" name=\"_wpcf7_version\" value=\"5.9.6\" \/>\n<input type=\"hidden\" name=\"_wpcf7_locale\" value=\"en_US\" \/>\n<input type=\"hidden\" name=\"_wpcf7_unit_tag\" value=\"wpcf7-f13-o1\" \/>\n<input type=\"hidden\" name=\"_wpcf7_container_post\" value=\"0\" \/>\n<input type=\"hidden\" name=\"_wpcf7_posted_data_hash\" value=\"\" \/>\n<input type=\"hidden\" name=\"_wpcf7_recaptcha_response\" value=\"\" \/>\n<\/div>\n<p><label> Votre Nom \/ Your Name *<br \/>\n<span class=\"wpcf7-form-control-wrap\" data-name=\"your-name\"><input size=\"40\" maxlength=\"80\" class=\"wpcf7-form-control wpcf7-text wpcf7-validates-as-required\" aria-required=\"true\" aria-invalid=\"false\" value=\"\" type=\"text\" name=\"your-name\" \/><\/span> <\/label>\n<\/p>\n<p><label> Email *<br \/>\n<span class=\"wpcf7-form-control-wrap\" data-name=\"your-email\"><input size=\"40\" maxlength=\"80\" class=\"wpcf7-form-control wpcf7-email wpcf7-validates-as-required wpcf7-text wpcf7-validates-as-email\" aria-required=\"true\" aria-invalid=\"false\" value=\"\" type=\"email\" name=\"your-email\" \/><\/span> <\/label>\n<\/p>\n<p><label> Votre message \/ Your Message *<br \/>\n<span class=\"wpcf7-form-control-wrap\" data-name=\"your-message\"><textarea cols=\"40\" rows=\"10\" maxlength=\"400\" class=\"wpcf7-form-control wpcf7-textarea\" aria-invalid=\"false\" name=\"your-message\"><\/textarea><\/span> <\/label>\n<\/p>\n<p>\n<span class=\"wpcf7-form-control-wrap recaptcha\" data-name=\"recaptcha\"><span data-sitekey=\"6LfW1kcjAAAAACabSu84QSvSTUS7h-LybVKAQNuG\" class=\"wpcf7-form-control wpcf7-recaptcha g-recaptcha\"><\/span>\r\n<noscript>\r\n\t<div class=\"grecaptcha-noscript\">\r\n\t\t<iframe src=\"https:\/\/www.google.com\/recaptcha\/api\/fallback?k=6LfW1kcjAAAAACabSu84QSvSTUS7h-LybVKAQNuG\" frameborder=\"0\" scrolling=\"no\" width=\"310\" height=\"430\">\r\n\t\t<\/iframe>\r\n\t\t<textarea name=\"g-recaptcha-response\" rows=\"3\" cols=\"40\" placeholder=\"reCaptcha Response Here\">\r\n\t\t<\/textarea>\r\n\t<\/div>\r\n<\/noscript>\r\n<\/span>\n<\/p>\n<p><input class=\"wpcf7-form-control wpcf7-submit has-spinner\" type=\"submit\" value=\"Envoyer \/ Submit\" \/>\n<\/p><input type=\"hidden\" id=\"ct_checkjs_cf7_a733fa9b25f33689e2adbe72199f0e62\" name=\"ct_checkjs_cf7\" value=\"0\" \/><script >setTimeout(function(){var ct_input_name = \"ct_checkjs_cf7_a733fa9b25f33689e2adbe72199f0e62\";if (document.getElementById(ct_input_name) !== null) {var ct_input_value = document.getElementById(ct_input_name).value;document.getElementById(ct_input_name).value = document.getElementById(ct_input_name).value.replace(ct_input_value, '697021bb3dd4be7248de0296ef31f15f1ed697b0c39940bb46745506fd7f01fb');}}, 1000);<\/script><label class=\"apbct_special_field\" id=\"apbct_label_id63384\" for=\"apbct__email_id__wp_contact_form_7_63384\">63384<\/label><input \n        id=\"apbct__email_id__wp_contact_form_7_63384\" \n        class=\"apbct_special_field apbct__email_id__wp_contact_form_7\"\n        autocomplete=\"off\" \n        name=\"apbct__email_id__wp_contact_form_7_63384\"  \n        type=\"text\" \n        value=\"63384\" \n        size=\"30\" \n        apbct_event_id=\"63384\"\n        maxlength=\"200\" \n    \/><input \n        id=\"apbct_event_id\"\n        class=\"apbct_special_field\"\n        name=\"apbct_event_id\"\n        type=\"hidden\" \n        value=\"63384\" \n            \/><div class=\"wpcf7-response-output\" aria-hidden=\"true\"><\/div>\n<\/form>\n<\/div>\n<\/div>\n            <\/div>\t\t<\/div>\n\t\t\t\t<\/div>\n\t\t\t\t\t<\/div>\n\t\t<\/div>\n\t\t\t\t\t<\/div>\n\t\t<\/section>\n\t\t\t\t<\/div>\n\t\t","protected":false},"excerpt":{"rendered":"<p>Adjointe administrative En savoir plus Repr\u00e9sentant des Ventes Commerciales En savoir plus Rejoignez l&rsquo;\u00e9quipe de FPS Paiements et contribuez \u00e0 r\u00e9volutionner les solutions de paiement en collaboration avec notre fournisseur de premier plan, Clover Capital. Nous recherchons des talents passionn\u00e9s pour divers r\u00f4les, pr\u00eats \u00e0 innover et \u00e0 exceller dans un environnement dynamique. Consultez nos&hellip;<\/p>\n","protected":false},"author":5,"featured_media":0,"parent":0,"menu_order":0,"comment_status":"closed","ping_status":"closed","template":"","meta":{"content-type":"","_monsterinsights_skip_tracking":false,"_monsterinsights_sitenote_active":false,"_monsterinsights_sitenote_note":"","_monsterinsights_sitenote_category":0,"footnotes":""},"_links":{"self":[{"href":"https:\/\/fpspaiements.ca\/fr\/wp-json\/wp\/v2\/pages\/4056"}],"collection":[{"href":"https:\/\/fpspaiements.ca\/fr\/wp-json\/wp\/v2\/pages"}],"about":[{"href":"https:\/\/fpspaiements.ca\/fr\/wp-json\/wp\/v2\/types\/page"}],"author":[{"embeddable":true,"href":"https:\/\/fpspaiements.ca\/fr\/wp-json\/wp\/v2\/users\/5"}],"replies":[{"embeddable":true,"href":"https:\/\/fpspaiements.ca\/fr\/wp-json\/wp\/v2\/comments?post=4056"}],"version-history":[{"count":23,"href":"https:\/\/fpspaiements.ca\/fr\/wp-json\/wp\/v2\/pages\/4056\/revisions"}],"predecessor-version":[{"id":4639,"href":"https:\/\/fpspaiements.ca\/fr\/wp-json\/wp\/v2\/pages\/4056\/revisions\/4639"}],"wp:attachment":[{"href":"https:\/\/fpspaiements.ca\/fr\/wp-json\/wp\/v2\/media?parent=4056"}],"curies":[{"name":"wp","href":"https:\/\/api.w.org\/{rel}","templated":true}]}}