{"id":4664,"date":"2024-05-23T17:31:42","date_gmt":"2024-05-23T21:31:42","guid":{"rendered":"https:\/\/fpspaiements.ca\/?page_id=4664"},"modified":"2024-05-24T10:05:49","modified_gmt":"2024-05-24T14:05:49","slug":"f-a-q","status":"publish","type":"page","link":"https:\/\/fpspaiements.ca\/fr\/f-a-q\/","title":{"rendered":"F.A.Q."},"content":{"rendered":"\t\t<div data-elementor-type=\"wp-page\" data-elementor-id=\"4664\" class=\"elementor elementor-4664\">\n\t\t\t\t\t\t<section class=\"elementor-section elementor-top-section elementor-element elementor-element-ed02ddd elementor-section-stretched elementor-section-boxed elementor-section-height-default elementor-section-height-default\" data-id=\"ed02ddd\" data-element_type=\"section\" data-settings=\"{&quot;stretch_section&quot;:&quot;section-stretched&quot;}\">\n\t\t\t\t\t\t<div class=\"elementor-container elementor-column-gap-default\">\n\t\t\t\t\t<div class=\"elementor-column elementor-col-100 elementor-top-column elementor-element elementor-element-02916f1\" data-id=\"02916f1\" data-element_type=\"column\">\n\t\t\t<div class=\"elementor-widget-wrap elementor-element-populated\">\n\t\t\t\t\t\t<div class=\"elementor-element elementor-element-051ab7e elementor-widget elementor-widget-heading\" data-id=\"051ab7e\" data-element_type=\"widget\" data-widget_type=\"heading.default\">\n\t\t\t\t<div class=\"elementor-widget-container\">\n\t\t\t<h2 class=\"elementor-heading-title elementor-size-default\"><b>Bienvenue dans notre section foire aux questions. Cette page de notre site web peut vous aider facilement gr\u00e2ce \u00e0 des r\u00e9ponses aux questions fr\u00e9quemment pos\u00e9es \u00e0 notre \u00e9quipe concernant le milieu dans lequel nous oeuvrons. <\/b><\/h2>\t\t<\/div>\n\t\t\t\t<\/div>\n\t\t\t\t\t<\/div>\n\t\t<\/div>\n\t\t\t\t\t<\/div>\n\t\t<\/section>\n\t\t\t\t<section class=\"elementor-section elementor-top-section elementor-element elementor-element-8d04e13 elementor-section-stretched elementor-section-boxed elementor-section-height-default elementor-section-height-default\" data-id=\"8d04e13\" data-element_type=\"section\" data-settings=\"{&quot;stretch_section&quot;:&quot;section-stretched&quot;}\">\n\t\t\t\t\t\t<div class=\"elementor-container elementor-column-gap-default\">\n\t\t\t\t\t<div class=\"elementor-column elementor-col-100 elementor-top-column elementor-element elementor-element-68fce74\" data-id=\"68fce74\" data-element_type=\"column\">\n\t\t\t<div class=\"elementor-widget-wrap elementor-element-populated\">\n\t\t\t\t\t\t<div class=\"elementor-element elementor-element-e1e9dbf elementor-widget__width-inherit elementor-widget elementor-widget-the7-accordion\" data-id=\"e1e9dbf\" data-element_type=\"widget\" data-widget_type=\"the7-accordion.default\">\n\t\t\t\t<div class=\"elementor-widget-container\">\n\t\t\t\t\t<div class=\"elementor-accordion the7-adv-accordion ac_bb_title\" data-accordion-type=\"accordion\" role=\"tablist\">\n\t\t\t\t\t\t\t<div class=\"elementor-accordion-item\">\n\t\t\t\t\t<h4 id=\"elementor-tab-title-2361\" class=\"elementor-tab-title the7-accordion-header deactive-default\" data-tab=\"1\" role=\"tab\" aria-controls=\"elementor-tab-content-2361\">\n\n\t\t\t\t\t\t\t\t\t\t\t\t\t<span class=\"elementor-accordion-icon elementor-accordion-icon-left\" aria-hidden=\"true\">\n\t\t\t\t\t\t\t\t\t\t\t\t\t\t\t<span class=\"elementor-accordion-icon-closed\"><i class=\"fas fa-chevron-circle-right\"><\/i><\/span>\n\t\t\t\t\t\t\t\t\t\t\t\t\t\t\t\t\t<span class=\"elementor-accordion-icon-opened\"><i class=\"fas fa-caret-up\"><\/i><\/span>\n\t\t\t\t\t\t\t\t\t\t\t\t\t\t\t\t\t\t\t\t\t\t<\/span>\n\t\t\t\t\t\t\t\t\t\t\t\t\t\t\t\t\t\t<a class=\"elementor-accordion-title\" href=\"\">Pourquoi FPS Paiements est le meilleur service pour moi et mon entreprise?<\/a>\n\t\t\t\t\t<\/h4>\n\t\t\t\t\t<div id=\"elementor-tab-content-2361\" class=\"elementor-tab-content elementor-clearfix deactive-default\" data-tab=\"1\" role=\"tabpanel\" aria-labelledby=\"elementor-tab-title-2361\"><p style=\"margin: 0cm 30.0pt 0cm 30.0pt;\"><i><span style=\"font-size: 11.0pt; font-family: 'Arial',sans-serif; color: black;\">FPS Paiement se distingue par son approche totalement transparente, con\u00e7ue pour fid\u00e9liser et satisfaire nos clients. En choisissant nos services, vous profitez d&rsquo;une r\u00e9duction de 50% sur vos taux transactionnels et \u00e9vitez les frais cach\u00e9s que nos concurrents omettent souvent de mentionner dans leurs contrats. De plus, nous proposons un support technique accessible 24\/7 et un service client exceptionnel, vous garantissant une exp\u00e9rience fluide et sans stress. Notre \u00e9quipe d\u00e9vou\u00e9e vous accompagnera de A \u00e0 Z, vous faisant gagner du temps et vous offrant la tranquillit\u00e9 d&rsquo;esprit n\u00e9cessaire pour vous concentrer sur votre activit\u00e9.<\/span><\/i><\/p><\/div>\n\t\t\t\t<\/div>\n\t\t\t\t\t\t\t<div class=\"elementor-accordion-item\">\n\t\t\t\t\t<h4 id=\"elementor-tab-title-2362\" class=\"elementor-tab-title the7-accordion-header\" data-tab=\"2\" role=\"tab\" aria-controls=\"elementor-tab-content-2362\">\n\n\t\t\t\t\t\t\t\t\t\t\t\t\t<span class=\"elementor-accordion-icon elementor-accordion-icon-left\" aria-hidden=\"true\">\n\t\t\t\t\t\t\t\t\t\t\t\t\t\t\t<span class=\"elementor-accordion-icon-closed\"><i class=\"fas fa-chevron-circle-right\"><\/i><\/span>\n\t\t\t\t\t\t\t\t\t\t\t\t\t\t\t\t\t<span class=\"elementor-accordion-icon-opened\"><i class=\"fas fa-caret-up\"><\/i><\/span>\n\t\t\t\t\t\t\t\t\t\t\t\t\t\t\t\t\t\t\t\t\t\t<\/span>\n\t\t\t\t\t\t\t\t\t\t\t\t\t\t\t\t\t\t<a class=\"elementor-accordion-title\" href=\"\">Qu\u2019est-ce qui diff\u00e9rencie FPS Paiements des autres fournisseurs qui m\u2019approchent toutes les semaines?<\/a>\n\t\t\t\t\t<\/h4>\n\t\t\t\t\t<div id=\"elementor-tab-content-2362\" class=\"elementor-tab-content elementor-clearfix\" data-tab=\"2\" role=\"tabpanel\" aria-labelledby=\"elementor-tab-title-2362\"><p style=\"margin: 0cm 30.0pt 0cm 30.0pt;\"><i><span style=\"font-size: 11.0pt; font-family: 'Arial',sans-serif; color: black;\">Contrairement \u00e0 nos concurrents, nous nous engageons \u00e0 fournir un service client apr\u00e8s-vente exceptionnel, garantissant une exp\u00e9rience sans tracas tout au long de notre partenariat. En plus de vous accompagner de mani\u00e8re proactive, notre objectif est de vous aider \u00e0 \u00e9conomiser et \u00e0 maximiser vos revenus, contribuant ainsi \u00e0 la croissance florissante de votre entreprise sur le march\u00e9 financier.<\/span><\/i><\/p><\/div>\n\t\t\t\t<\/div>\n\t\t\t\t\t\t\t<div class=\"elementor-accordion-item\">\n\t\t\t\t\t<h4 id=\"elementor-tab-title-2363\" class=\"elementor-tab-title the7-accordion-header\" data-tab=\"3\" role=\"tab\" aria-controls=\"elementor-tab-content-2363\">\n\n\t\t\t\t\t\t\t\t\t\t\t\t\t<span class=\"elementor-accordion-icon elementor-accordion-icon-left\" aria-hidden=\"true\">\n\t\t\t\t\t\t\t\t\t\t\t\t\t\t\t<span class=\"elementor-accordion-icon-closed\"><i class=\"fas fa-chevron-circle-right\"><\/i><\/span>\n\t\t\t\t\t\t\t\t\t\t\t\t\t\t\t\t\t<span class=\"elementor-accordion-icon-opened\"><i class=\"fas fa-caret-up\"><\/i><\/span>\n\t\t\t\t\t\t\t\t\t\t\t\t\t\t\t\t\t\t\t\t\t\t<\/span>\n\t\t\t\t\t\t\t\t\t\t\t\t\t\t\t\t\t\t<a class=\"elementor-accordion-title\" href=\"\">Vous dites que vous offrez les meilleurs taux au Canada. Qu\u2019est-ce qui vous permet d\u2019assurer que vos taux sont les meilleurs au pays?<\/a>\n\t\t\t\t\t<\/h4>\n\t\t\t\t\t<div id=\"elementor-tab-content-2363\" class=\"elementor-tab-content elementor-clearfix\" data-tab=\"3\" role=\"tabpanel\" aria-labelledby=\"elementor-tab-title-2363\"><p style=\"margin: 0cm 30.0pt 0cm 30.0pt;\"><i><span style=\"font-size: 11.0pt; font-family: 'Arial',sans-serif; color: black;\">Chez FPS Paiement, nous adoptons une approche rigoureuse en nous basant sur vos contrats ant\u00e9rieurs avec vos pr\u00e9c\u00e9dents fournisseurs de solutions de paiement. Notre objectif est de vous offrir une comparaison qui se traduit par une r\u00e9duction de 50 % sur les tarifs que vous avez pr\u00e9c\u00e9demment n\u00e9goci\u00e9s. De plus, pour les nouvelles entreprises, nous effectuons une analyse approfondie de vos donn\u00e9es financi\u00e8res, qu&rsquo;elles soient bas\u00e9es sur des projections ou sur les r\u00e9sultats de l&rsquo;ann\u00e9e pr\u00e9c\u00e9dente. Cela nous permet de vous fournir une soumission sur mesure, correspondant \u00e0 votre situation financi\u00e8re, tout en garantissant les tarifs transactionnels les plus comp\u00e9titifs du march\u00e9.<\/span><\/i><\/p><\/div>\n\t\t\t\t<\/div>\n\t\t\t\t\t\t\t<div class=\"elementor-accordion-item\">\n\t\t\t\t\t<h4 id=\"elementor-tab-title-2364\" class=\"elementor-tab-title the7-accordion-header\" data-tab=\"4\" role=\"tab\" aria-controls=\"elementor-tab-content-2364\">\n\n\t\t\t\t\t\t\t\t\t\t\t\t\t<span class=\"elementor-accordion-icon elementor-accordion-icon-left\" aria-hidden=\"true\">\n\t\t\t\t\t\t\t\t\t\t\t\t\t\t\t<span class=\"elementor-accordion-icon-closed\"><i class=\"fas fa-chevron-circle-right\"><\/i><\/span>\n\t\t\t\t\t\t\t\t\t\t\t\t\t\t\t\t\t<span class=\"elementor-accordion-icon-opened\"><i class=\"fas fa-caret-up\"><\/i><\/span>\n\t\t\t\t\t\t\t\t\t\t\t\t\t\t\t\t\t\t\t\t\t\t<\/span>\n\t\t\t\t\t\t\t\t\t\t\t\t\t\t\t\t\t\t<a class=\"elementor-accordion-title\" href=\"\">Puis-je vraiment avoir un service de soutien technique 24\/7 avec FPS Paiements?<\/a>\n\t\t\t\t\t<\/h4>\n\t\t\t\t\t<div id=\"elementor-tab-content-2364\" class=\"elementor-tab-content elementor-clearfix\" data-tab=\"4\" role=\"tabpanel\" aria-labelledby=\"elementor-tab-title-2364\"><p style=\"margin: 0cm 30.0pt 0cm 30.0pt;\"><i><span style=\"font-size: 11.0pt; font-family: 'Arial',sans-serif; color: black;\">Absolument. Nos techniciens sont \u00e0 votre disposition, sous prise de rendez-vous, pour vous assister dans l&rsquo;installation et la configuration de nos \u00e9quipements, la r\u00e9solution de probl\u00e8mes techniques complexes, ainsi que pour toutes vos questions relatives \u00e0 vos appareils et votre compte Clover.\u00a0<\/span><\/i><\/p><\/div>\n\t\t\t\t<\/div>\n\t\t\t\t\t\t\t<div class=\"elementor-accordion-item\">\n\t\t\t\t\t<h4 id=\"elementor-tab-title-2365\" class=\"elementor-tab-title the7-accordion-header\" data-tab=\"5\" role=\"tab\" aria-controls=\"elementor-tab-content-2365\">\n\n\t\t\t\t\t\t\t\t\t\t\t\t\t<span class=\"elementor-accordion-icon elementor-accordion-icon-left\" aria-hidden=\"true\">\n\t\t\t\t\t\t\t\t\t\t\t\t\t\t\t<span class=\"elementor-accordion-icon-closed\"><i class=\"fas fa-chevron-circle-right\"><\/i><\/span>\n\t\t\t\t\t\t\t\t\t\t\t\t\t\t\t\t\t<span class=\"elementor-accordion-icon-opened\"><i class=\"fas fa-caret-up\"><\/i><\/span>\n\t\t\t\t\t\t\t\t\t\t\t\t\t\t\t\t\t\t\t\t\t\t<\/span>\n\t\t\t\t\t\t\t\t\t\t\t\t\t\t\t\t\t\t<a class=\"elementor-accordion-title\" href=\"\">Quels modes de paiement pouvez-vous traiter? Les frais que je paie varient-ils selon la carte?<\/a>\n\t\t\t\t\t<\/h4>\n\t\t\t\t\t<div id=\"elementor-tab-content-2365\" class=\"elementor-tab-content elementor-clearfix\" data-tab=\"5\" role=\"tabpanel\" aria-labelledby=\"elementor-tab-title-2365\"><p style=\"margin: 0cm 30.0pt 0cm 30.0pt;\"><i><span style=\"font-size: 11.0pt; font-family: 'Arial',sans-serif; color: black;\">Nous acceptons tous les modes de paiement, que ce soit par d\u00e9bit ou cr\u00e9dit, y compris les cartes pr\u00e9pay\u00e9es de tout type. Nos frais transactionnels sont transparents et inchang\u00e9s, quelle que soit la carte utilis\u00e9e. Cependant, il est important de noter que les taux de transaction diff\u00e8rent entre les paiements par carte de cr\u00e9dit et les paiements par carte de d\u00e9bit.\u00a0<\/span><\/i><\/p><\/div>\n\t\t\t\t<\/div>\n\t\t\t\t\t\t\t<div class=\"elementor-accordion-item\">\n\t\t\t\t\t<h4 id=\"elementor-tab-title-2366\" class=\"elementor-tab-title the7-accordion-header\" data-tab=\"6\" role=\"tab\" aria-controls=\"elementor-tab-content-2366\">\n\n\t\t\t\t\t\t\t\t\t\t\t\t\t<span class=\"elementor-accordion-icon elementor-accordion-icon-left\" aria-hidden=\"true\">\n\t\t\t\t\t\t\t\t\t\t\t\t\t\t\t<span class=\"elementor-accordion-icon-closed\"><i class=\"fas fa-chevron-circle-right\"><\/i><\/span>\n\t\t\t\t\t\t\t\t\t\t\t\t\t\t\t\t\t<span class=\"elementor-accordion-icon-opened\"><i class=\"fas fa-caret-up\"><\/i><\/span>\n\t\t\t\t\t\t\t\t\t\t\t\t\t\t\t\t\t\t\t\t\t\t<\/span>\n\t\t\t\t\t\t\t\t\t\t\t\t\t\t\t\t\t\t<a class=\"elementor-accordion-title\" href=\"\">Est-il possible d\u2019accepter des paiements m\u00eame s\u2019il n\u2019y a pas de signal?<\/a>\n\t\t\t\t\t<\/h4>\n\t\t\t\t\t<div id=\"elementor-tab-content-2366\" class=\"elementor-tab-content elementor-clearfix\" data-tab=\"6\" role=\"tabpanel\" aria-labelledby=\"elementor-tab-title-2366\"><p style=\"margin: 0cm 30.0pt 0cm 30.0pt;\"><i><span style=\"font-size: 11.0pt; font-family: 'Arial',sans-serif; color: black;\">Notre compr\u00e9hension de la complexit\u00e9 des r\u00e9seaux et de la connectivit\u00e9 intermittente nous permet de vous offrir une solution de point de vente fiable et s\u00e9curis\u00e9e. Nous pouvons traiter vos paiements avec confiance, m\u00eame en l&rsquo;absence d&rsquo;un signal, gr\u00e2ce \u00e0 notre syst\u00e8me de point de vente Android \u00e9quip\u00e9 d&rsquo;une carte SIM, qui assure une connexion LTE et 5G en temps r\u00e9el. Ainsi, vous pouvez continuer \u00e0 accepter des paiements sans interruption, partout o\u00f9 vous \u00eates, sans d\u00e9pendre d&rsquo;une connexion Wi-Fi. C&rsquo;est pourquoi nous sommes fiers de vous proposer une solution de point de vente qui r\u00e9pond aux besoins les plus exigeants<\/span><\/i><\/p><\/div>\n\t\t\t\t<\/div>\n\t\t\t\t\t\t\t<div class=\"elementor-accordion-item\">\n\t\t\t\t\t<h4 id=\"elementor-tab-title-2367\" class=\"elementor-tab-title the7-accordion-header\" data-tab=\"7\" role=\"tab\" aria-controls=\"elementor-tab-content-2367\">\n\n\t\t\t\t\t\t\t\t\t\t\t\t\t<span class=\"elementor-accordion-icon elementor-accordion-icon-left\" aria-hidden=\"true\">\n\t\t\t\t\t\t\t\t\t\t\t\t\t\t\t<span class=\"elementor-accordion-icon-closed\"><i class=\"fas fa-chevron-circle-right\"><\/i><\/span>\n\t\t\t\t\t\t\t\t\t\t\t\t\t\t\t\t\t<span class=\"elementor-accordion-icon-opened\"><i class=\"fas fa-caret-up\"><\/i><\/span>\n\t\t\t\t\t\t\t\t\t\t\t\t\t\t\t\t\t\t\t\t\t\t<\/span>\n\t\t\t\t\t\t\t\t\t\t\t\t\t\t\t\t\t\t<a class=\"elementor-accordion-title\" href=\"\">Dans quel d\u00e9lai puis-je recevoir mes fonds apr\u00e8s qu\u2019une transaction a \u00e9t\u00e9 approuv\u00e9e ou autoris\u00e9e?<\/a>\n\t\t\t\t\t<\/h4>\n\t\t\t\t\t<div id=\"elementor-tab-content-2367\" class=\"elementor-tab-content elementor-clearfix\" data-tab=\"7\" role=\"tabpanel\" aria-labelledby=\"elementor-tab-title-2367\"><p style=\"margin: 0cm 30.0pt 0cm 30.0pt;\"><i><span style=\"font-size: 11.0pt; font-family: 'Arial',sans-serif; color: black;\">Une fois votre transaction approuv\u00e9e ou autoris\u00e9e, nous proc\u00e9dons au d\u00e9p\u00f4t des fonds dans votre compte courant dans les d\u00e9lais les plus rapides. En g\u00e9n\u00e9ral, les fonds sont d\u00e9pos\u00e9s dans le compte courant le lendemain de la transaction, mais l&rsquo;heure exacte du d\u00e9p\u00f4t peut varier en fonction de l&rsquo;heure de fermeture de la journ\u00e9e. Pour obtenir des informations plus pr\u00e9cises sur l&rsquo;heure du d\u00e9p\u00f4t, nous vous invitons \u00e0 communiquer avec notre service client.<\/span><\/i><\/p><\/div>\n\t\t\t\t<\/div>\n\t\t\t\t\t\t\t<div class=\"elementor-accordion-item\">\n\t\t\t\t\t<h4 id=\"elementor-tab-title-2368\" class=\"elementor-tab-title the7-accordion-header\" data-tab=\"8\" role=\"tab\" aria-controls=\"elementor-tab-content-2368\">\n\n\t\t\t\t\t\t\t\t\t\t\t\t\t<span class=\"elementor-accordion-icon elementor-accordion-icon-left\" aria-hidden=\"true\">\n\t\t\t\t\t\t\t\t\t\t\t\t\t\t\t<span class=\"elementor-accordion-icon-closed\"><i class=\"fas fa-chevron-circle-right\"><\/i><\/span>\n\t\t\t\t\t\t\t\t\t\t\t\t\t\t\t\t\t<span class=\"elementor-accordion-icon-opened\"><i class=\"fas fa-caret-up\"><\/i><\/span>\n\t\t\t\t\t\t\t\t\t\t\t\t\t\t\t\t\t\t\t\t\t\t<\/span>\n\t\t\t\t\t\t\t\t\t\t\t\t\t\t\t\t\t\t<a class=\"elementor-accordion-title\" href=\"\">Quels services de protection contre la fraude offrez vous?<\/a>\n\t\t\t\t\t<\/h4>\n\t\t\t\t\t<div id=\"elementor-tab-content-2368\" class=\"elementor-tab-content elementor-clearfix\" data-tab=\"8\" role=\"tabpanel\" aria-labelledby=\"elementor-tab-title-2368\"><p style=\"margin: 0cm 30.0pt 0cm 30.0pt;\"><i><span style=\"font-size: 11.0pt; font-family: 'Arial',sans-serif; color: black;\">Nous demandons le num\u00e9ro d&rsquo;identification du propri\u00e9taire (NIP) pour chaque transaction, ce qui nous permet de limiter les risques de fraude. De plus, nous exigeons la saisie obligatoire de la date d&rsquo;expiration et du code de s\u00e9curit\u00e9 de la carte pour toutes les transactions en ligne, afin de garantir une authentification maximale. Ces mesures suppl\u00e9mentaires nous permettent de fournir un niveau \u00e9lev\u00e9 de s\u00e9curit\u00e9 et de confiance \u00e0 nos clients.<\/span><\/i><\/p><\/div>\n\t\t\t\t<\/div>\n\t\t\t\t\t<\/div>\n\t\t\t\t<\/div>\n\t\t\t\t<\/div>\n\t\t\t\t\t<\/div>\n\t\t<\/div>\n\t\t\t\t\t<\/div>\n\t\t<\/section>\n\t\t\t\t<\/div>\n\t\t","protected":false},"excerpt":{"rendered":"<p>Bienvenue dans notre section foire aux questions. Cette page de notre site web peut vous aider facilement gr\u00e2ce \u00e0 des r\u00e9ponses aux questions fr\u00e9quemment pos\u00e9es \u00e0 notre \u00e9quipe concernant le milieu dans lequel nous oeuvrons. Pourquoi FPS Paiements est le meilleur service pour moi et mon entreprise? FPS Paiement se distingue par son approche totalement&hellip;<\/p>\n","protected":false},"author":8,"featured_media":0,"parent":0,"menu_order":0,"comment_status":"closed","ping_status":"closed","template":"","meta":{"content-type":"","_monsterinsights_skip_tracking":false,"_monsterinsights_sitenote_active":false,"_monsterinsights_sitenote_note":"","_monsterinsights_sitenote_category":0,"footnotes":""},"_links":{"self":[{"href":"https:\/\/fpspaiements.ca\/fr\/wp-json\/wp\/v2\/pages\/4664"}],"collection":[{"href":"https:\/\/fpspaiements.ca\/fr\/wp-json\/wp\/v2\/pages"}],"about":[{"href":"https:\/\/fpspaiements.ca\/fr\/wp-json\/wp\/v2\/types\/page"}],"author":[{"embeddable":true,"href":"https:\/\/fpspaiements.ca\/fr\/wp-json\/wp\/v2\/users\/8"}],"replies":[{"embeddable":true,"href":"https:\/\/fpspaiements.ca\/fr\/wp-json\/wp\/v2\/comments?post=4664"}],"version-history":[{"count":29,"href":"https:\/\/fpspaiements.ca\/fr\/wp-json\/wp\/v2\/pages\/4664\/revisions"}],"predecessor-version":[{"id":4700,"href":"https:\/\/fpspaiements.ca\/fr\/wp-json\/wp\/v2\/pages\/4664\/revisions\/4700"}],"wp:attachment":[{"href":"https:\/\/fpspaiements.ca\/fr\/wp-json\/wp\/v2\/media?parent=4664"}],"curies":[{"name":"wp","href":"https:\/\/api.w.org\/{rel}","templated":true}]}}